{"id":8234,"date":"2020-05-29T12:45:59","date_gmt":"2020-05-29T10:45:59","guid":{"rendered":"https:\/\/www.dojrzewalnia.pl\/wirtualna-dojrzewalnia\/?post_type=product&#038;p=8234"},"modified":"2025-06-30T20:38:24","modified_gmt":"2025-06-30T18:38:24","slug":"szkola-pozytywnosci","status":"publish","type":"product","link":"https:\/\/www.dojrzewalnia.pl\/wirtualna-dojrzewalnia\/produkt\/szkola-pozytywnosci\/","title":{"rendered":"Kurs online &#8220;Szko\u0142a Pozytywno\u015bci&#8221;"},"content":{"rendered":"<p>Pozytywno\u015b\u0107 emocjonalna zmienia nasze my\u015blenie, kszta\u0142tuje nasz\u0105 przysz\u0142o\u015b\u0107, poprawia sen, zwi\u0119ksza odporno\u015b\u0107 psychiczn\u0105, pomaga w kontaktach z innymi, w znajdowaniu nowych rozwi\u0105za\u0144, jest o\u017cywcza, pomaga rozkwita\u0107, a nawet \u017cy\u0107 d\u0142u\u017cej.<\/p>\n<p>Barbara Fredrickson, pionierka w badaniach nad pozytywno\u015bci\u0105 twierdzi, \u017ce pozytywno\u015b\u0107 mo\u017ce radykalnie zmieni\u0107 \u017cycie ka\u017cdego. Wed\u0142ug niej stwarza warunki do przej\u015bcia na wy\u017cszy poziom egzystencji. Dodaje energii, otwiera umys\u0142, odblokowuje potencja\u0142. Jednym s\u0142owem, jak m\u00f3wi Barbara: pomaga mie\u0107 wi\u0119cej \u201e\u017cycia w swoim \u017cyciu\u201d. Wed\u0142ug badaczki, aby nasze \u017cycie by\u0142o rozkwitaniem, a nie wegetacj\u0105, potrzebujemy sprawi\u0107, by nasz wsp\u00f3\u0142czynnik pozytywno\u015bci wynosi\u0142 minimalnie 3:1, czyli, aby codziennie do\u015bwiadcza\u0107 co najmniej trzy razy wi\u0119cej pozytywnych odczu\u0107 i emocji ni\u017c negatywnych.<\/p>\n<p><strong>Tak, pozytywne emocje maj\u0105 moc. <\/strong><strong>I jak t\u0119 moc aktywowa\u0107 w ca\u0142ej rozci\u0105g\u0142o\u015bci, b\u0119dziemy si\u0119 uczy\u0107 w SZKOLE POZYTYWNO\u015aCI.<\/strong><\/p>\n<p>Nasza agenda obejmuje 21 spotka\u0144, podczas kt\u00f3rych zajmiemy si\u0119 wzmacnianiem obecno\u015bci 20 pozytywnych uczu\u0107 w naszym codziennym \u017cyciu. Nauczysz si\u0119 Procesu Ch\u0142oni\u0119cia Dobra stworzonego przez Ricka Hansona, kt\u00f3ry stosowany regularnie zmienia nasz m\u00f3zg w detektor szcz\u0119\u015bcia.<\/p>\n<p>W ka\u017cdym dniu skoncentrujemy si\u0119 na jednym z pozytywnych uczu\u0107, codziennie podpowiem Ci, jak ich szuka\u0107, dostrzega\u0107 i wch\u0142ania\u0107 w nowy spos\u00f3b (nasz m\u00f3zg lubi nowo\u015bci, rutyna go usypia).<\/p>\n<p>Zainspiruj\u0119 Ci\u0119 do tworzenia portfolio pozytywnych uczu\u0107: zdj\u0119\u0107, wycink\u00f3w, hase\u0142, inspiracji, cytat\u00f3w, rysunk\u00f3w czy link\u00f3w, piosenek, film\u00f3w zwi\u0105zanych dla Ciebie z ich manifestacj\u0105.<\/p>\n<p><strong>PROGRAM SZKO\u0141Y POZYTYWNO\u015aCI<\/strong><\/p>\n<p><strong>Lekcja pierwsza: Proces Ch\u0142oni\u0119cia Dobra<\/strong><\/p>\n<p><strong>Lekcja druga: Poczucie bezpiecze\u0144stwa<\/strong><\/p>\n<p><strong>Lekcja trzecia: Zaufanie<\/strong><\/p>\n<p><strong>Lekcja czwarta: Spok\u00f3j<\/strong><\/p>\n<p><strong>Lekcja pi\u0105ta: Rado\u015b\u0107 i zadowolenie<\/strong><\/p>\n<p><strong>Lekcja sz\u00f3sta: Lekko\u015b\u0107 i \u0142atwo\u015b\u0107<\/strong><\/p>\n<p><strong>Lekcja si\u00f3dma: Wdzi\u0119czno\u015b\u0107 i \u015bwi\u0119towanie<\/strong><\/p>\n<p><strong>Lekcja \u00f3sma: Zachwyt<\/strong><\/p>\n<p><strong>Lekcja dziewi\u0105ta:\u00a0Inspiracja<\/strong><\/p>\n<p><strong>Lekcja dziesi\u0105ta: Satysfakcja i duma<\/strong><\/p>\n<p><strong>Lekcja jedenasta: Poczucie mocy<\/strong><\/p>\n<p><strong>Lekcja dwunasta: B\u0142ogo\u015b\u0107 i przyjemno\u015b\u0107<\/strong><\/p>\n<p><strong>Lekcja trzynasta: Wygoda i komfort<\/strong><\/p>\n<p><strong>Lekcja czternasta: Mi\u0142o\u015b\u0107 i wi\u0119\u017a<\/strong><\/p>\n<p><strong>Lekcja pi\u0119tnasta: Czu\u0142o\u015b\u0107<\/strong><\/p>\n<p><strong>Lekcja szesnasta: \u017byczliwo\u015b\u0107<\/strong><\/p>\n<p><strong>Lekcja siedemnasta: Ulga i ukojenie<\/strong><\/p>\n<p><strong>Lekcja osiemnasta: Odpr\u0119\u017cenie<\/strong><\/p>\n<p><strong>Lekcja dziewi\u0119tnasta: Nadzieja<\/strong><\/p>\n<p><strong>Lekcja dwudziesta: Wolno\u015b\u0107 i swoboda<\/strong><\/p>\n<p><strong>Lekcja dwudziesta pierwsza: Zapa\u0142 i przep\u0142yw<\/strong><\/p>\n<p>Obiecuj\u0119 Ci, \u017ce po uko\u0144czeniu Szko\u0142y Pozytywno\u015bci Tw\u00f3j m\u00f3zg nie b\u0119dzie ju\u017c taki sam jak na pocz\u0105tku i zaczniesz z \u0142atwo\u015bci\u0105 i lekko\u015bci\u0105 koncentrowa\u0107 si\u0119 na tym, co jest ok, co dzia\u0142a, na satysfakcji i spe\u0142nieniu. Je\u015bli w pe\u0142ni zaanga\u017cujesz si\u0119 w proponowane praktyki, Tw\u00f3j poziom szcz\u0119\u015bcia poszybuje. Odt\u0105d ju\u017c zawsze w naturalny spos\u00f3b przez wi\u0119ksz\u0105 cz\u0119\u015b\u0107 dnia b\u0119dziesz czu\u0142a pozytywne uczucia. Bez \u017cadnego wysi\u0142ku. Bez nak\u0142aniania \u015bwiata i innych, by Ci je zapewniali odpowiadaj\u0105c na Twoje oczekiwania. Zobaczysz jak dzia\u0142a szcz\u0119\u015bcie bez powodu. Wyhodujesz\/wytrenujesz sobie szcz\u0119\u015bliwy m\u00f3zg. B\u0119dziesz niezale\u017cna.<\/p>\n<p>Zaczniesz przyci\u0105ga\u0107 do swojego \u017cycia to, o czym marzysz. B\u0119dziesz odczuwa\u0107 spok\u00f3j, zaufanie, rado\u015b\u0107, lekko\u015b\u0107, zachwyt, wdzi\u0119czno\u015b\u0107, b\u0142ogo\u015b\u0107 i mi\u0142o\u015b\u0107.<\/p>\n<p>Staniesz si\u0119 \u017ar\u00f3d\u0142em pozytywno\u015bci dla swoich bliskich, dla \u015bwiata. Emocjonalna zara\u017aliwo\u015b\u0107. Staniesz si\u0119 bardziej empatyczna i otwarta na \u017cycie. Bardziej elastyczna i odporna na \u017cyciowe zawieruchy. Zaczniesz rozkwita\u0107.<\/p>\n<p>\u2014\u2014\u2014\u2014\u2014\u2014\u2014\u2014\u2014\u2014\u2014\u2014\u2014\u2014<\/p>\n<p><strong>UWAGA:<\/strong> Kurs prowadzi Ewa Panufnik. Kurs obejmuje <strong>21 odcink\u00f3w<\/strong>. Dost\u0119p do kursu jest wa\u017cny przez\u00a0<strong>rok<\/strong>. Kurs\u00a0przeznaczony jest do\u00a0<strong>samodzielnej pracy<\/strong>\u00a0we w\u0142asnym tempie, nie ma mo\u017cliwo\u015bci kontaktu z autork\u0105. <span style=\"font-size: 16px;\">W ramach kursu otrzymasz tak\u017ce <strong>100 stronicowy Dziennik Pozytywno\u015bci, <\/strong>w postaci <strong>E-booka (pdf)<\/strong>, kt\u00f3ry b\u0119dzie Twoim<strong> wsparciem w codziennej praktyce<\/strong>.<\/span><\/p>\n<p><strong>Tre\u015bci<\/strong>\u00a0<strong>kursu\u00a0<\/strong>nie b\u0119d\u0105 wysy\u0142ane mailem.\u00a0Ca\u0142o\u015b\u0107 kursu jest dost\u0119pna na platformie. Masz do niej dost\u0119p w dowolnym czasie i z dowolnego komputera\/telefonu. Wymaga to posiadania konta na platformie (utworzy si\u0119 samodzielnie przy sk\u0142adaniu zam\u00f3wienia) i zalogowania si\u0119.<\/p>\n<p>Po z\u0142o\u017ceniu zam\u00f3wienia,\u00a0<strong>link do kursu\u00a0<\/strong>b\u0119dzie dost\u0119pny w mailu potwierdzaj\u0105cym oraz na stronie\u00a0<a href=\"https:\/\/www.dojrzewalnia.pl\/wirtualna-dojrzewalnia\/moje-konto\/\"><strong>Moje konto<\/strong><\/a>\u00a0po zalogowaniu si\u0119.<\/p>\n","protected":false},"excerpt":{"rendered":"<p>Pozytywno\u015b\u0107 emocjonalna zmienia nasze my\u015blenie, kszta\u0142tuje nasz\u0105 przysz\u0142o\u015b\u0107, poprawia sen, zwi\u0119ksza odporno\u015b\u0107 psychiczn\u0105, pomaga w kontaktach z innymi, w znajdowaniu nowych rozwi\u0105za\u0144, jest o\u017cywcza, pomaga rozkwita\u0107, a nawet \u017cy\u0107 d\u0142u\u017cej. Barbara Fredrickson, pionierka w badaniach nad pozytywno\u015bci\u0105 twierdzi, \u017ce pozytywno\u015b\u0107 mo\u017ce radykalnie zmieni\u0107 \u017cycie ka\u017cdego. Wed\u0142ug niej stwarza warunki do przej\u015bcia na wy\u017cszy poziom egzystencji. [&hellip;]<\/p>\n","protected":false},"featured_media":9108,"comment_status":"closed","ping_status":"closed","template":"","meta":{"pmpro_default_level":"","_monsterinsights_skip_tracking":false,"_monsterinsights_sitenote_active":false,"_monsterinsights_sitenote_note":"","_monsterinsights_sitenote_category":0,"site-sidebar-layout":"default","site-content-layout":"default","ast-site-content-layout":"","site-content-style":"default","site-sidebar-style":"default","ast-global-header-display":"","ast-banner-title-visibility":"","ast-main-header-display":"","ast-hfb-above-header-display":"","ast-hfb-below-header-display":"","ast-hfb-mobile-header-display":"","site-post-title":"","ast-breadcrumbs-content":"","ast-featured-img":"","footer-sml-layout":"","theme-transparent-header-meta":"default","adv-header-id-meta":"","stick-header-meta":"","header-above-stick-meta":"","header-main-stick-meta":"","header-below-stick-meta":"","astra-migrate-meta-layouts":"default","ast-page-background-enabled":"default","ast-page-background-meta":{"desktop":{"background-color":"var(--ast-global-color-4)","background-image":"","background-repeat":"repeat","background-position":"center center","background-size":"auto","background-attachment":"scroll","background-type":"","background-media":"","overlay-type":"","overlay-color":"","overlay-opacity":"","overlay-gradient":""},"tablet":{"background-color":"","background-image":"","background-repeat":"repeat","background-position":"center center","background-size":"auto","background-attachment":"scroll","background-type":"","background-media":"","overlay-type":"","overlay-color":"","overlay-opacity":"","overlay-gradient":""},"mobile":{"background-color":"","background-image":"","background-repeat":"repeat","background-position":"center center","background-size":"auto","background-attachment":"scroll","background-type":"","background-media":"","overlay-type":"","overlay-color":"","overlay-opacity":"","overlay-gradient":""}},"ast-content-background-meta":{"desktop":{"background-color":"var(--ast-global-color-5)","background-image":"","background-repeat":"repeat","background-position":"center center","background-size":"auto","background-attachment":"scroll","background-type":"","background-media":"","overlay-type":"","overlay-color":"","overlay-opacity":"","overlay-gradient":""},"tablet":{"background-color":"var(--ast-global-color-5)","background-image":"","background-repeat":"repeat","background-position":"center center","background-size":"auto","background-attachment":"scroll","background-type":"","background-media":"","overlay-type":"","overlay-color":"","overlay-opacity":"","overlay-gradient":""},"mobile":{"background-color":"var(--ast-global-color-5)","background-image":"","background-repeat":"repeat","background-position":"center center","background-size":"auto","background-attachment":"scroll","background-type":"","background-media":"","overlay-type":"","overlay-color":"","overlay-opacity":"","overlay-gradient":""}}},"product_cat":[16],"product_tag":[],"class_list":{"0":"post-8234","1":"product","2":"type-product","3":"status-publish","4":"has-post-thumbnail","6":"product_cat-kursy-online","7":"pmpro-has-access","8":"desktop-align-left","9":"tablet-align-left","10":"mobile-align-left","12":"first","13":"instock","14":"featured","15":"downloadable","16":"virtual","17":"sold-individually","18":"purchasable","19":"product-type-simple"},"yoast_head":"<!-- This site is optimized with the Yoast SEO plugin v23.4 - https:\/\/yoast.com\/wordpress\/plugins\/seo\/ -->\n<title>Kurs online &quot;Szko\u0142a Pozytywno\u015bci&quot; - Wirtualna Dojrzewalnia<\/title>\n<meta name=\"description\" content=\"Pozytywne emocje maj\u0105 moc. Szko\u0142a Pozytywno\u015bci pomo\u017ce Ci t\u0119 moc aktywowa\u0107 w ca\u0142ej rozci\u0105g\u0142o\u015bci. Zaczniesz przyci\u0105ga\u0107 do swojego \u017cycia to, o czym marzysz.\" \/>\n<meta name=\"robots\" content=\"index, follow, max-snippet:-1, max-image-preview:large, max-video-preview:-1\" \/>\n<link rel=\"canonical\" href=\"https:\/\/www.dojrzewalnia.pl\/wirtualna-dojrzewalnia\/produkt\/szkola-pozytywnosci\/\" \/>\n<meta property=\"og:locale\" content=\"pl_PL\" \/>\n<meta property=\"og:type\" content=\"article\" \/>\n<meta property=\"og:title\" content=\"Kurs online &quot;Szko\u0142a Pozytywno\u015bci&quot; - Wirtualna Dojrzewalnia\" \/>\n<meta property=\"og:description\" content=\"Pozytywne emocje maj\u0105 moc. Szko\u0142a Pozytywno\u015bci pomo\u017ce Ci t\u0119 moc aktywowa\u0107 w ca\u0142ej rozci\u0105g\u0142o\u015bci. Zaczniesz przyci\u0105ga\u0107 do swojego \u017cycia to, o czym marzysz.\" \/>\n<meta property=\"og:url\" content=\"https:\/\/www.dojrzewalnia.pl\/wirtualna-dojrzewalnia\/produkt\/szkola-pozytywnosci\/\" \/>\n<meta property=\"og:site_name\" content=\"Wirtualna Dojrzewalnia\" \/>\n<meta property=\"article:publisher\" content=\"https:\/\/www.facebook.com\/dojrzewalniapl-126646214077996\/\" \/>\n<meta property=\"article:modified_time\" content=\"2025-06-30T18:38:24+00:00\" \/>\n<meta property=\"og:image\" content=\"https:\/\/www.dojrzewalnia.pl\/wirtualna-dojrzewalnia\/wp-content\/uploads\/2020\/05\/Kurs-online-Szkola-Pozytywnosci-Wirtualna-Dojrzewalnia-Ewa-Panufnik.png\" \/>\n\t<meta property=\"og:image:width\" content=\"1080\" \/>\n\t<meta property=\"og:image:height\" content=\"1080\" \/>\n\t<meta property=\"og:image:type\" content=\"image\/png\" \/>\n<meta name=\"twitter:card\" content=\"summary_large_image\" \/>\n<meta name=\"twitter:label1\" content=\"Szacowany czas czytania\" \/>\n\t<meta name=\"twitter:data1\" content=\"3 minuty\" \/>\n<script type=\"application\/ld+json\" class=\"yoast-schema-graph\">{\"@context\":\"https:\/\/schema.org\",\"@graph\":[{\"@type\":\"WebPage\",\"@id\":\"https:\/\/www.dojrzewalnia.pl\/wirtualna-dojrzewalnia\/produkt\/szkola-pozytywnosci\/\",\"url\":\"https:\/\/www.dojrzewalnia.pl\/wirtualna-dojrzewalnia\/produkt\/szkola-pozytywnosci\/\",\"name\":\"Kurs online \\\"Szko\u0142a Pozytywno\u015bci\\\" - Wirtualna Dojrzewalnia\",\"isPartOf\":{\"@id\":\"https:\/\/www.dojrzewalnia.pl\/wirtualna-dojrzewalnia\/#website\"},\"primaryImageOfPage\":{\"@id\":\"https:\/\/www.dojrzewalnia.pl\/wirtualna-dojrzewalnia\/produkt\/szkola-pozytywnosci\/#primaryimage\"},\"image\":{\"@id\":\"https:\/\/www.dojrzewalnia.pl\/wirtualna-dojrzewalnia\/produkt\/szkola-pozytywnosci\/#primaryimage\"},\"thumbnailUrl\":\"https:\/\/www.dojrzewalnia.pl\/wirtualna-dojrzewalnia\/wp-content\/uploads\/2020\/05\/Kurs-online-Szkola-Pozytywnosci-Wirtualna-Dojrzewalnia-Ewa-Panufnik.png\",\"datePublished\":\"2020-05-29T10:45:59+00:00\",\"dateModified\":\"2025-06-30T18:38:24+00:00\",\"description\":\"Pozytywne emocje maj\u0105 moc. Szko\u0142a Pozytywno\u015bci pomo\u017ce Ci t\u0119 moc aktywowa\u0107 w ca\u0142ej rozci\u0105g\u0142o\u015bci. Zaczniesz przyci\u0105ga\u0107 do swojego \u017cycia to, o czym marzysz.\",\"breadcrumb\":{\"@id\":\"https:\/\/www.dojrzewalnia.pl\/wirtualna-dojrzewalnia\/produkt\/szkola-pozytywnosci\/#breadcrumb\"},\"inLanguage\":\"pl-PL\",\"potentialAction\":[{\"@type\":\"ReadAction\",\"target\":[\"https:\/\/www.dojrzewalnia.pl\/wirtualna-dojrzewalnia\/produkt\/szkola-pozytywnosci\/\"]}]},{\"@type\":\"ImageObject\",\"inLanguage\":\"pl-PL\",\"@id\":\"https:\/\/www.dojrzewalnia.pl\/wirtualna-dojrzewalnia\/produkt\/szkola-pozytywnosci\/#primaryimage\",\"url\":\"https:\/\/www.dojrzewalnia.pl\/wirtualna-dojrzewalnia\/wp-content\/uploads\/2020\/05\/Kurs-online-Szkola-Pozytywnosci-Wirtualna-Dojrzewalnia-Ewa-Panufnik.png\",\"contentUrl\":\"https:\/\/www.dojrzewalnia.pl\/wirtualna-dojrzewalnia\/wp-content\/uploads\/2020\/05\/Kurs-online-Szkola-Pozytywnosci-Wirtualna-Dojrzewalnia-Ewa-Panufnik.png\",\"width\":1080,\"height\":1080,\"caption\":\"Szko\u0142a Pozytywno\u015bci Ewa Panufnik\"},{\"@type\":\"BreadcrumbList\",\"@id\":\"https:\/\/www.dojrzewalnia.pl\/wirtualna-dojrzewalnia\/produkt\/szkola-pozytywnosci\/#breadcrumb\",\"itemListElement\":[{\"@type\":\"ListItem\",\"position\":1,\"name\":\"Strona g\u0142\u00f3wna\",\"item\":\"https:\/\/www.dojrzewalnia.pl\/wirtualna-dojrzewalnia\/\"},{\"@type\":\"ListItem\",\"position\":2,\"name\":\"Sklep\",\"item\":\"https:\/\/www.dojrzewalnia.pl\/wirtualna-dojrzewalnia\/sklep\/\"},{\"@type\":\"ListItem\",\"position\":3,\"name\":\"Kurs online &#8220;Szko\u0142a Pozytywno\u015bci&#8221;\"}]},{\"@type\":\"WebSite\",\"@id\":\"https:\/\/www.dojrzewalnia.pl\/wirtualna-dojrzewalnia\/#website\",\"url\":\"https:\/\/www.dojrzewalnia.pl\/wirtualna-dojrzewalnia\/\",\"name\":\"Wirtualna Dojrzewalnia\",\"description\":\"Platforma kurs&oacute;w online Dojrzewalni\",\"publisher\":{\"@id\":\"https:\/\/www.dojrzewalnia.pl\/wirtualna-dojrzewalnia\/#organization\"},\"potentialAction\":[{\"@type\":\"SearchAction\",\"target\":{\"@type\":\"EntryPoint\",\"urlTemplate\":\"https:\/\/www.dojrzewalnia.pl\/wirtualna-dojrzewalnia\/?s={search_term_string}\"},\"query-input\":{\"@type\":\"PropertyValueSpecification\",\"valueRequired\":true,\"valueName\":\"search_term_string\"}}],\"inLanguage\":\"pl-PL\"},{\"@type\":\"Organization\",\"@id\":\"https:\/\/www.dojrzewalnia.pl\/wirtualna-dojrzewalnia\/#organization\",\"name\":\"Dojrzewalnia Ewa Panufnik\",\"url\":\"https:\/\/www.dojrzewalnia.pl\/wirtualna-dojrzewalnia\/\",\"logo\":{\"@type\":\"ImageObject\",\"inLanguage\":\"pl-PL\",\"@id\":\"https:\/\/www.dojrzewalnia.pl\/wirtualna-dojrzewalnia\/#\/schema\/logo\/image\/\",\"url\":\"https:\/\/www.dojrzewalnia.pl\/wirtualna-dojrzewalnia\/wp-content\/uploads\/2018\/11\/Dojrzewalnia-logo-2.png\",\"contentUrl\":\"https:\/\/www.dojrzewalnia.pl\/wirtualna-dojrzewalnia\/wp-content\/uploads\/2018\/11\/Dojrzewalnia-logo-2.png\",\"width\":500,\"height\":189,\"caption\":\"Dojrzewalnia Ewa Panufnik\"},\"image\":{\"@id\":\"https:\/\/www.dojrzewalnia.pl\/wirtualna-dojrzewalnia\/#\/schema\/logo\/image\/\"},\"sameAs\":[\"https:\/\/www.facebook.com\/dojrzewalniapl-126646214077996\/\"]}]}<\/script>\n<!-- \/ Yoast SEO plugin. -->","yoast_head_json":{"title":"Kurs online \"Szko\u0142a Pozytywno\u015bci\" - Wirtualna Dojrzewalnia","description":"Pozytywne emocje maj\u0105 moc. Szko\u0142a Pozytywno\u015bci pomo\u017ce Ci t\u0119 moc aktywowa\u0107 w ca\u0142ej rozci\u0105g\u0142o\u015bci. Zaczniesz przyci\u0105ga\u0107 do swojego \u017cycia to, o czym marzysz.","robots":{"index":"index","follow":"follow","max-snippet":"max-snippet:-1","max-image-preview":"max-image-preview:large","max-video-preview":"max-video-preview:-1"},"canonical":"https:\/\/www.dojrzewalnia.pl\/wirtualna-dojrzewalnia\/produkt\/szkola-pozytywnosci\/","og_locale":"pl_PL","og_type":"article","og_title":"Kurs online \"Szko\u0142a Pozytywno\u015bci\" - Wirtualna Dojrzewalnia","og_description":"Pozytywne emocje maj\u0105 moc. Szko\u0142a Pozytywno\u015bci pomo\u017ce Ci t\u0119 moc aktywowa\u0107 w ca\u0142ej rozci\u0105g\u0142o\u015bci. Zaczniesz przyci\u0105ga\u0107 do swojego \u017cycia to, o czym marzysz.","og_url":"https:\/\/www.dojrzewalnia.pl\/wirtualna-dojrzewalnia\/produkt\/szkola-pozytywnosci\/","og_site_name":"Wirtualna Dojrzewalnia","article_publisher":"https:\/\/www.facebook.com\/dojrzewalniapl-126646214077996\/","article_modified_time":"2025-06-30T18:38:24+00:00","og_image":[{"width":1080,"height":1080,"url":"https:\/\/www.dojrzewalnia.pl\/wirtualna-dojrzewalnia\/wp-content\/uploads\/2020\/05\/Kurs-online-Szkola-Pozytywnosci-Wirtualna-Dojrzewalnia-Ewa-Panufnik.png","type":"image\/png"}],"twitter_card":"summary_large_image","twitter_misc":{"Szacowany czas czytania":"3 minuty"},"schema":{"@context":"https:\/\/schema.org","@graph":[{"@type":"WebPage","@id":"https:\/\/www.dojrzewalnia.pl\/wirtualna-dojrzewalnia\/produkt\/szkola-pozytywnosci\/","url":"https:\/\/www.dojrzewalnia.pl\/wirtualna-dojrzewalnia\/produkt\/szkola-pozytywnosci\/","name":"Kurs online \"Szko\u0142a Pozytywno\u015bci\" - Wirtualna Dojrzewalnia","isPartOf":{"@id":"https:\/\/www.dojrzewalnia.pl\/wirtualna-dojrzewalnia\/#website"},"primaryImageOfPage":{"@id":"https:\/\/www.dojrzewalnia.pl\/wirtualna-dojrzewalnia\/produkt\/szkola-pozytywnosci\/#primaryimage"},"image":{"@id":"https:\/\/www.dojrzewalnia.pl\/wirtualna-dojrzewalnia\/produkt\/szkola-pozytywnosci\/#primaryimage"},"thumbnailUrl":"https:\/\/www.dojrzewalnia.pl\/wirtualna-dojrzewalnia\/wp-content\/uploads\/2020\/05\/Kurs-online-Szkola-Pozytywnosci-Wirtualna-Dojrzewalnia-Ewa-Panufnik.png","datePublished":"2020-05-29T10:45:59+00:00","dateModified":"2025-06-30T18:38:24+00:00","description":"Pozytywne emocje maj\u0105 moc. Szko\u0142a Pozytywno\u015bci pomo\u017ce Ci t\u0119 moc aktywowa\u0107 w ca\u0142ej rozci\u0105g\u0142o\u015bci. Zaczniesz przyci\u0105ga\u0107 do swojego \u017cycia to, o czym marzysz.","breadcrumb":{"@id":"https:\/\/www.dojrzewalnia.pl\/wirtualna-dojrzewalnia\/produkt\/szkola-pozytywnosci\/#breadcrumb"},"inLanguage":"pl-PL","potentialAction":[{"@type":"ReadAction","target":["https:\/\/www.dojrzewalnia.pl\/wirtualna-dojrzewalnia\/produkt\/szkola-pozytywnosci\/"]}]},{"@type":"ImageObject","inLanguage":"pl-PL","@id":"https:\/\/www.dojrzewalnia.pl\/wirtualna-dojrzewalnia\/produkt\/szkola-pozytywnosci\/#primaryimage","url":"https:\/\/www.dojrzewalnia.pl\/wirtualna-dojrzewalnia\/wp-content\/uploads\/2020\/05\/Kurs-online-Szkola-Pozytywnosci-Wirtualna-Dojrzewalnia-Ewa-Panufnik.png","contentUrl":"https:\/\/www.dojrzewalnia.pl\/wirtualna-dojrzewalnia\/wp-content\/uploads\/2020\/05\/Kurs-online-Szkola-Pozytywnosci-Wirtualna-Dojrzewalnia-Ewa-Panufnik.png","width":1080,"height":1080,"caption":"Szko\u0142a Pozytywno\u015bci Ewa Panufnik"},{"@type":"BreadcrumbList","@id":"https:\/\/www.dojrzewalnia.pl\/wirtualna-dojrzewalnia\/produkt\/szkola-pozytywnosci\/#breadcrumb","itemListElement":[{"@type":"ListItem","position":1,"name":"Strona g\u0142\u00f3wna","item":"https:\/\/www.dojrzewalnia.pl\/wirtualna-dojrzewalnia\/"},{"@type":"ListItem","position":2,"name":"Sklep","item":"https:\/\/www.dojrzewalnia.pl\/wirtualna-dojrzewalnia\/sklep\/"},{"@type":"ListItem","position":3,"name":"Kurs online &#8220;Szko\u0142a Pozytywno\u015bci&#8221;"}]},{"@type":"WebSite","@id":"https:\/\/www.dojrzewalnia.pl\/wirtualna-dojrzewalnia\/#website","url":"https:\/\/www.dojrzewalnia.pl\/wirtualna-dojrzewalnia\/","name":"Wirtualna Dojrzewalnia","description":"Platforma kurs&oacute;w online Dojrzewalni","publisher":{"@id":"https:\/\/www.dojrzewalnia.pl\/wirtualna-dojrzewalnia\/#organization"},"potentialAction":[{"@type":"SearchAction","target":{"@type":"EntryPoint","urlTemplate":"https:\/\/www.dojrzewalnia.pl\/wirtualna-dojrzewalnia\/?s={search_term_string}"},"query-input":{"@type":"PropertyValueSpecification","valueRequired":true,"valueName":"search_term_string"}}],"inLanguage":"pl-PL"},{"@type":"Organization","@id":"https:\/\/www.dojrzewalnia.pl\/wirtualna-dojrzewalnia\/#organization","name":"Dojrzewalnia Ewa Panufnik","url":"https:\/\/www.dojrzewalnia.pl\/wirtualna-dojrzewalnia\/","logo":{"@type":"ImageObject","inLanguage":"pl-PL","@id":"https:\/\/www.dojrzewalnia.pl\/wirtualna-dojrzewalnia\/#\/schema\/logo\/image\/","url":"https:\/\/www.dojrzewalnia.pl\/wirtualna-dojrzewalnia\/wp-content\/uploads\/2018\/11\/Dojrzewalnia-logo-2.png","contentUrl":"https:\/\/www.dojrzewalnia.pl\/wirtualna-dojrzewalnia\/wp-content\/uploads\/2018\/11\/Dojrzewalnia-logo-2.png","width":500,"height":189,"caption":"Dojrzewalnia Ewa Panufnik"},"image":{"@id":"https:\/\/www.dojrzewalnia.pl\/wirtualna-dojrzewalnia\/#\/schema\/logo\/image\/"},"sameAs":["https:\/\/www.facebook.com\/dojrzewalniapl-126646214077996\/"]}]}},"_links":{"self":[{"href":"https:\/\/www.dojrzewalnia.pl\/wirtualna-dojrzewalnia\/wp-json\/wp\/v2\/product\/8234"}],"collection":[{"href":"https:\/\/www.dojrzewalnia.pl\/wirtualna-dojrzewalnia\/wp-json\/wp\/v2\/product"}],"about":[{"href":"https:\/\/www.dojrzewalnia.pl\/wirtualna-dojrzewalnia\/wp-json\/wp\/v2\/types\/product"}],"replies":[{"embeddable":true,"href":"https:\/\/www.dojrzewalnia.pl\/wirtualna-dojrzewalnia\/wp-json\/wp\/v2\/comments?post=8234"}],"version-history":[{"count":20,"href":"https:\/\/www.dojrzewalnia.pl\/wirtualna-dojrzewalnia\/wp-json\/wp\/v2\/product\/8234\/revisions"}],"predecessor-version":[{"id":10652,"href":"https:\/\/www.dojrzewalnia.pl\/wirtualna-dojrzewalnia\/wp-json\/wp\/v2\/product\/8234\/revisions\/10652"}],"wp:featuredmedia":[{"embeddable":true,"href":"https:\/\/www.dojrzewalnia.pl\/wirtualna-dojrzewalnia\/wp-json\/wp\/v2\/media\/9108"}],"wp:attachment":[{"href":"https:\/\/www.dojrzewalnia.pl\/wirtualna-dojrzewalnia\/wp-json\/wp\/v2\/media?parent=8234"}],"wp:term":[{"taxonomy":"product_cat","embeddable":true,"href":"https:\/\/www.dojrzewalnia.pl\/wirtualna-dojrzewalnia\/wp-json\/wp\/v2\/product_cat?post=8234"},{"taxonomy":"product_tag","embeddable":true,"href":"https:\/\/www.dojrzewalnia.pl\/wirtualna-dojrzewalnia\/wp-json\/wp\/v2\/product_tag?post=8234"}],"curies":[{"name":"wp","href":"https:\/\/api.w.org\/{rel}","templated":true}]}}