{"id":1392,"date":"2019-05-02T17:49:31","date_gmt":"2019-05-02T15:49:31","guid":{"rendered":"https:\/\/www.dojrzewalnia.pl\/wirtualna-dojrzewalnia\/?post_type=product&#038;p=1392"},"modified":"2025-06-30T20:40:37","modified_gmt":"2025-06-30T18:40:37","slug":"gra-o-szczescie","status":"publish","type":"product","link":"https:\/\/www.dojrzewalnia.pl\/wirtualna-dojrzewalnia\/produkt\/gra-o-szczescie\/","title":{"rendered":"Kurs online &#8220;Gra o Szcz\u0119\u015bcie&#8221;"},"content":{"rendered":"<p>We\u017a udzia\u0142 w GRZE O SZCZ\u0118\u015aCIE i naprawd\u0119 pokonaj wyznaczone wyzwania, z ogromnym prawdopodobie\u0144stwem. Co si\u0119 stanie?<\/p>\n<ul>\n<li>nauczysz si\u0119 by\u0107 szcz\u0119\u015bliwa na co dzie\u0144, bez listy warunk\u00f3w do spe\u0142nienia:<\/li>\n<li>trwale zmieni si\u0119 Tw\u00f3j codzienny nastr\u00f3j &#8211; o wi\u0119kszo\u015bci dni b\u0119dziesz mog\u0142a powiedzie\u0107 &#8211; &#8220;To by\u0142 dobry dzie\u0144!&#8221;<\/li>\n<li>zmienisz swoje my\u015blenie na bardziej pozytywne i wspieraj\u0105ce Ciebie &#8211; otworzysz si\u0119 na wi\u0119cej mo\u017cliwo\u015bci w \u017cyciu<\/li>\n<li>zbudujesz swoj\u0105 dobr\u0105 przysz\u0142o\u015b\u0107, bo na zasadzie &#8220;karmy&#8221; &#8211; zmieniaj\u0105c sw\u00f3j m\u00f3zg na szcz\u0119\u015bliwy, dzie\u0144 za dniem zmieniasz go w coraz silniejsze narz\u0119dzie do dostrzegania i budowania szcz\u0119\u015bcia w przysz\u0142o\u015bci<\/li>\n<li>staniesz si\u0119 odporniejsza psychicznie, z du\u017co wi\u0119ksz\u0105 \u0142atwo\u015bci\u0105 i szybciej b\u0119dziesz w stanie radzi\u0107 sobie z trudnymi sytuacjami i emocjami w swoim \u017cyciu<\/li>\n<li>staniesz si\u0119 bardziej radosna i tw\u00f3rcza<\/li>\n<li>poczujesz wi\u0119cej energii<\/li>\n<li>cz\u0119\u015bciej b\u0119dziesz odczuwa\u0107 rado\u015b\u0107, wdzi\u0119czno\u015b\u0107, spok\u00f3j, nadziej\u0119, inspiracj\u0119, zachwyt i mi\u0142o\u015b\u0107<\/li>\n<li>poczujesz, \u017ce \u015bwiat naprawd\u0119 Ci\u0119 wspiera<\/li>\n<li>wyrwiesz si\u0119 z zaw\u0119\u017conego obrazu, kt\u00f3ry funduje negatywno\u015b\u0107, staniesz si\u0119 bardziej elastyczna psychicznie, odczuwasz wi\u0119cej jedno\u015bci ze \u015bwiatem i z innymi, czujesz si\u0119 bardziej o\u017cywiona i tw\u00f3rcza<\/li>\n<li>zbudujesz szcz\u0119\u015bliwe nawyki my\u015blowe i nie tylko<\/li>\n<li>w ogromnym stopniu poprawisz swoje relacje z bliskim<\/li>\n<li>b\u0119dziesz naprawd\u0119 dobrze si\u0119 bawi\u0107<\/li>\n<li>jednym s\u0142owem &#8211; rozkwitniesz!<\/li>\n<\/ul>\n<p>Bycie prawdziwie szcz\u0119\u015bliw\u0105, bez przyczyny i warunk\u00f3w do spe\u0142nienia jest w dzisiejszych czasach czym\u015b prawdziwie rewolucyjnym. Ba, to rzecz, kt\u00f3ra mo\u017ce uratowa\u0107 \u015bwiat. Kiedy d\u0105\u017cysz do tego. by sta\u0107 si\u0119 szcz\u0119\u015bliwa, wbrew powszechnej opinii, nie rozwijasz swojego egoizmu, ale stajesz si\u0119 kim\u015b, kto na wielu poziomach wywiera pozytywny wp\u0142yw na \u015bwiat i ludzi, kt\u00f3rzy go otaczaj\u0105. D\u0105\u017cenie do indywidualnego szcz\u0119\u015bcia wbrew pozorom nie jest spraw\u0105 tylko osobist\u0105.Ta gra jest warta \u015bwieczki!<\/p>\n<p>&nbsp;<\/p>\n<p>Dzi\u0119ki <strong>Wyzwaniom Dnia<\/strong> b\u0119dziemy trenowa\u0107 nasze m\u00f3zgi w tym, by przesz\u0142y na jasn\u0105 stron\u0119 &#8211; dzi\u0119ki metodzie Happy Brain jest to mo\u017cliwe przy minimalnym wysi\u0142ku &#8211; wystarczy 5 minut uwa\u017cno\u015bci dziennie. Dzi\u0119ki temu podej\u015bciu zmienisz sw\u00f3j m\u00f3zg w Detektor Szcz\u0119\u015bcia &#8211; wyczulisz si\u0119 na wszelkie przejawy obfito\u015bci w Twoim \u017cyciu.<\/p>\n<p>W ramach codziennych wyzwa\u0144 poznasz <strong>najnowsze odkrycia psychologii pozytywnej<\/strong>, b\u0119dziesz mie\u0107 naprawd\u0119 dobr\u0105 zabaw\u0119 wykonuj\u0105c zaproponowane zadania dnia.<\/p>\n<p>Codziennie b\u0119dziesz mog\u0142a uzyska\u0107 konkretn\u0105 liczb\u0119 punk\u00f3w przewidzian\u0105 w grze lub podbi\u0107 stawk\u0119 projektuj\u0105c swoje w\u0142asne rekordy.<\/p>\n<p><strong>A jeszcze konkretniej:<\/strong><\/p>\n<ul>\n<li>Gra trwa <strong>35 dni<\/strong>.<\/li>\n<li>Na pocz\u0105tku Gry pomog\u0119 Ci zidentyfikowa\u0107 Twoje Czarne Charaktery, podpowiem, jak tworzy\u0107 list\u0119 Do\u0142adowa\u0144 i zyskiwa\u0107 Sojusznik\u00f3w.<\/li>\n<li>Codziennie otrzymasz ode mnie Wyzwanie Dnia oraz<\/li>\n<li>Motywuj\u0105c\u0105 Kart\u0119 Gracza &#8211; dzi\u0119ki niej zaplanujesz pozytywny dzie\u0144, wbudujesz praktyk\u0119 wdzi\u0119czno\u015bci w swoje \u017cycie, wykonasz Naikan i policzysz punktacj\u0119.<\/li>\n<\/ul>\n<p>\u2014\u2014\u2014\u2014\u2014\u2014\u2014\u2014\u2014\u2014\u2014\u2014\u2014\u2014<\/p>\n<p><strong>UWAGA:<\/strong> Kurs\u00a0<span style=\"font-size: 16px; font-style: normal; font-weight: 400;\">obejmuje <\/span><strong style=\"font-size: 16px; font-style: normal;\">35 odcink\u00f3w<\/strong><span style=\"font-size: 16px; font-style: normal; font-weight: 400;\">.\u00a0Dost\u0119p do kursu jest wa\u017cny przez\u00a0<\/span><strong style=\"font-size: 16px; font-style: normal;\">rok<\/strong><span style=\"font-size: 16px; font-style: normal; font-weight: 400;\">. Kurs <\/span><span style=\"font-size: 16px;\">przeznaczony jest do\u00a0<\/span><strong style=\"font-size: 16px;\">samodzielnej pracy<\/strong><span style=\"font-size: 16px;\"> we w\u0142asnym tempie<\/span><span style=\"font-size: 16px; font-style: normal; font-weight: 400;\">, nie ma mo\u017cliwo\u015bci kontaktu z autork\u0105. <\/span><strong style=\"font-size: 16px;\">Tre\u015bci<\/strong> <strong style=\"font-size: 16px;\">kursu <\/strong><span style=\"font-size: 16px;\">nie b\u0119d\u0105 wysy\u0142ane mailem.\u00a0Ca\u0142o\u015b\u0107 kursu jest dost\u0119pna na platformie. Masz do niej dost\u0119p w dowolnym czasie i z dowolnego komputera\/telefonu. Wymaga to posiadania konta na platformie (utworzy si\u0119 samodzielnie przy sk\u0142adaniu zam\u00f3wienia) i zalogowania si\u0119.<\/span><\/p>\n<p>Po z\u0142o\u017ceniu zam\u00f3wienia,\u00a0<strong>link do kursu\u00a0<\/strong>b\u0119dzie dost\u0119pny w mailu potwierdzaj\u0105cym oraz na stronie\u00a0<a href=\"https:\/\/www.dojrzewalnia.pl\/wirtualna-dojrzewalnia\/moje-konto\/\"><strong>Moje konto<\/strong><\/a>\u00a0po zalogowaniu si\u0119.<\/p>\n","protected":false},"excerpt":{"rendered":"<p>We\u017a udzia\u0142 w GRZE O SZCZ\u0118\u015aCIE i naprawd\u0119 pokonaj wyznaczone wyzwania, z ogromnym prawdopodobie\u0144stwem. Co si\u0119 stanie? nauczysz si\u0119 by\u0107 szcz\u0119\u015bliwa na co dzie\u0144, bez listy warunk\u00f3w do spe\u0142nienia: trwale zmieni si\u0119 Tw\u00f3j codzienny nastr\u00f3j &#8211; o wi\u0119kszo\u015bci dni b\u0119dziesz mog\u0142a powiedzie\u0107 &#8211; &#8220;To by\u0142 dobry dzie\u0144!&#8221; zmienisz swoje my\u015blenie na bardziej pozytywne i wspieraj\u0105ce [&hellip;]<\/p>\n","protected":false},"featured_media":1387,"comment_status":"closed","ping_status":"closed","template":"","meta":{"pmpro_default_level":"","_monsterinsights_skip_tracking":false,"_monsterinsights_sitenote_active":false,"_monsterinsights_sitenote_note":"","_monsterinsights_sitenote_category":0,"site-sidebar-layout":"default","site-content-layout":"default","ast-site-content-layout":"","site-content-style":"default","site-sidebar-style":"default","ast-global-header-display":"","ast-banner-title-visibility":"","ast-main-header-display":"","ast-hfb-above-header-display":"","ast-hfb-below-header-display":"","ast-hfb-mobile-header-display":"","site-post-title":"","ast-breadcrumbs-content":"","ast-featured-img":"","footer-sml-layout":"","theme-transparent-header-meta":"default","adv-header-id-meta":"","stick-header-meta":"","header-above-stick-meta":"","header-main-stick-meta":"","header-below-stick-meta":"","astra-migrate-meta-layouts":"default","ast-page-background-enabled":"default","ast-page-background-meta":{"desktop":{"background-color":"var(--ast-global-color-4)","background-image":"","background-repeat":"repeat","background-position":"center center","background-size":"auto","background-attachment":"scroll","background-type":"","background-media":"","overlay-type":"","overlay-color":"","overlay-opacity":"","overlay-gradient":""},"tablet":{"background-color":"","background-image":"","background-repeat":"repeat","background-position":"center center","background-size":"auto","background-attachment":"scroll","background-type":"","background-media":"","overlay-type":"","overlay-color":"","overlay-opacity":"","overlay-gradient":""},"mobile":{"background-color":"","background-image":"","background-repeat":"repeat","background-position":"center center","background-size":"auto","background-attachment":"scroll","background-type":"","background-media":"","overlay-type":"","overlay-color":"","overlay-opacity":"","overlay-gradient":""}},"ast-content-background-meta":{"desktop":{"background-color":"var(--ast-global-color-5)","background-image":"","background-repeat":"repeat","background-position":"center center","background-size":"auto","background-attachment":"scroll","background-type":"","background-media":"","overlay-type":"","overlay-color":"","overlay-opacity":"","overlay-gradient":""},"tablet":{"background-color":"var(--ast-global-color-5)","background-image":"","background-repeat":"repeat","background-position":"center center","background-size":"auto","background-attachment":"scroll","background-type":"","background-media":"","overlay-type":"","overlay-color":"","overlay-opacity":"","overlay-gradient":""},"mobile":{"background-color":"var(--ast-global-color-5)","background-image":"","background-repeat":"repeat","background-position":"center center","background-size":"auto","background-attachment":"scroll","background-type":"","background-media":"","overlay-type":"","overlay-color":"","overlay-opacity":"","overlay-gradient":""}}},"product_cat":[16],"product_tag":[],"class_list":{"0":"post-1392","1":"product","2":"type-product","3":"status-publish","4":"has-post-thumbnail","6":"product_cat-kursy-online","7":"pmpro-has-access","8":"desktop-align-left","9":"tablet-align-left","10":"mobile-align-left","12":"first","13":"instock","14":"featured","15":"downloadable","16":"virtual","17":"sold-individually","18":"purchasable","19":"product-type-simple"},"yoast_head":"<!-- This site is optimized with the Yoast SEO plugin v23.4 - https:\/\/yoast.com\/wordpress\/plugins\/seo\/ -->\n<title>Kurs online &quot;Gra o Szcz\u0119\u015bcie&quot; - Wirtualna Dojrzewalnia<\/title>\n<meta name=\"description\" content=\"Dzi\u0119ki wyzwaniu Gra o Szcz\u0119\u015bcie poznasz najnowsze odkrycia psychologii pozytywnej i b\u0119dziesz mie\u0107 naprawd\u0119 dobr\u0105 zabaw\u0119 wykonuj\u0105c zadania dnia.\" \/>\n<meta name=\"robots\" content=\"index, follow, max-snippet:-1, max-image-preview:large, max-video-preview:-1\" \/>\n<link rel=\"canonical\" href=\"https:\/\/www.dojrzewalnia.pl\/wirtualna-dojrzewalnia\/produkt\/gra-o-szczescie\/\" \/>\n<meta property=\"og:locale\" content=\"pl_PL\" \/>\n<meta property=\"og:type\" content=\"article\" \/>\n<meta property=\"og:title\" content=\"Kurs online &quot;Gra o Szcz\u0119\u015bcie&quot; - Wirtualna Dojrzewalnia\" \/>\n<meta property=\"og:description\" content=\"Dzi\u0119ki wyzwaniu Gra o Szcz\u0119\u015bcie poznasz najnowsze odkrycia psychologii pozytywnej i b\u0119dziesz mie\u0107 naprawd\u0119 dobr\u0105 zabaw\u0119 wykonuj\u0105c zadania dnia.\" \/>\n<meta property=\"og:url\" content=\"https:\/\/www.dojrzewalnia.pl\/wirtualna-dojrzewalnia\/produkt\/gra-o-szczescie\/\" \/>\n<meta property=\"og:site_name\" content=\"Wirtualna Dojrzewalnia\" \/>\n<meta property=\"article:publisher\" content=\"https:\/\/www.facebook.com\/dojrzewalniapl-126646214077996\/\" \/>\n<meta property=\"article:modified_time\" content=\"2025-06-30T18:40:37+00:00\" \/>\n<meta property=\"og:image\" content=\"https:\/\/www.dojrzewalnia.pl\/wirtualna-dojrzewalnia\/wp-content\/uploads\/2019\/05\/Wyzwanie-Gra-o-Szczescie-Ewa-Panufnik-Wirtualna-Dojrzewalnia.jpg\" \/>\n\t<meta property=\"og:image:width\" content=\"500\" \/>\n\t<meta property=\"og:image:height\" content=\"500\" \/>\n\t<meta property=\"og:image:type\" content=\"image\/jpeg\" \/>\n<meta name=\"twitter:card\" content=\"summary_large_image\" \/>\n<meta name=\"twitter:label1\" content=\"Szacowany czas czytania\" \/>\n\t<meta name=\"twitter:data1\" content=\"3 minuty\" \/>\n<script type=\"application\/ld+json\" class=\"yoast-schema-graph\">{\"@context\":\"https:\/\/schema.org\",\"@graph\":[{\"@type\":\"WebPage\",\"@id\":\"https:\/\/www.dojrzewalnia.pl\/wirtualna-dojrzewalnia\/produkt\/gra-o-szczescie\/\",\"url\":\"https:\/\/www.dojrzewalnia.pl\/wirtualna-dojrzewalnia\/produkt\/gra-o-szczescie\/\",\"name\":\"Kurs online \\\"Gra o Szcz\u0119\u015bcie\\\" - Wirtualna Dojrzewalnia\",\"isPartOf\":{\"@id\":\"https:\/\/www.dojrzewalnia.pl\/wirtualna-dojrzewalnia\/#website\"},\"primaryImageOfPage\":{\"@id\":\"https:\/\/www.dojrzewalnia.pl\/wirtualna-dojrzewalnia\/produkt\/gra-o-szczescie\/#primaryimage\"},\"image\":{\"@id\":\"https:\/\/www.dojrzewalnia.pl\/wirtualna-dojrzewalnia\/produkt\/gra-o-szczescie\/#primaryimage\"},\"thumbnailUrl\":\"https:\/\/www.dojrzewalnia.pl\/wirtualna-dojrzewalnia\/wp-content\/uploads\/2019\/05\/Wyzwanie-Gra-o-Szczescie-Ewa-Panufnik-Wirtualna-Dojrzewalnia.jpg\",\"datePublished\":\"2019-05-02T15:49:31+00:00\",\"dateModified\":\"2025-06-30T18:40:37+00:00\",\"description\":\"Dzi\u0119ki wyzwaniu Gra o Szcz\u0119\u015bcie poznasz najnowsze odkrycia psychologii pozytywnej i b\u0119dziesz mie\u0107 naprawd\u0119 dobr\u0105 zabaw\u0119 wykonuj\u0105c zadania dnia.\",\"breadcrumb\":{\"@id\":\"https:\/\/www.dojrzewalnia.pl\/wirtualna-dojrzewalnia\/produkt\/gra-o-szczescie\/#breadcrumb\"},\"inLanguage\":\"pl-PL\",\"potentialAction\":[{\"@type\":\"ReadAction\",\"target\":[\"https:\/\/www.dojrzewalnia.pl\/wirtualna-dojrzewalnia\/produkt\/gra-o-szczescie\/\"]}]},{\"@type\":\"ImageObject\",\"inLanguage\":\"pl-PL\",\"@id\":\"https:\/\/www.dojrzewalnia.pl\/wirtualna-dojrzewalnia\/produkt\/gra-o-szczescie\/#primaryimage\",\"url\":\"https:\/\/www.dojrzewalnia.pl\/wirtualna-dojrzewalnia\/wp-content\/uploads\/2019\/05\/Wyzwanie-Gra-o-Szczescie-Ewa-Panufnik-Wirtualna-Dojrzewalnia.jpg\",\"contentUrl\":\"https:\/\/www.dojrzewalnia.pl\/wirtualna-dojrzewalnia\/wp-content\/uploads\/2019\/05\/Wyzwanie-Gra-o-Szczescie-Ewa-Panufnik-Wirtualna-Dojrzewalnia.jpg\",\"width\":500,\"height\":500,\"caption\":\"Wyzwanie Gra o Szcz\u0119\u015bcie Ewa Panufnik Wirtualna Dojrzewalnia\"},{\"@type\":\"BreadcrumbList\",\"@id\":\"https:\/\/www.dojrzewalnia.pl\/wirtualna-dojrzewalnia\/produkt\/gra-o-szczescie\/#breadcrumb\",\"itemListElement\":[{\"@type\":\"ListItem\",\"position\":1,\"name\":\"Strona g\u0142\u00f3wna\",\"item\":\"https:\/\/www.dojrzewalnia.pl\/wirtualna-dojrzewalnia\/\"},{\"@type\":\"ListItem\",\"position\":2,\"name\":\"Sklep\",\"item\":\"https:\/\/www.dojrzewalnia.pl\/wirtualna-dojrzewalnia\/sklep\/\"},{\"@type\":\"ListItem\",\"position\":3,\"name\":\"Kurs online &#8220;Gra o Szcz\u0119\u015bcie&#8221;\"}]},{\"@type\":\"WebSite\",\"@id\":\"https:\/\/www.dojrzewalnia.pl\/wirtualna-dojrzewalnia\/#website\",\"url\":\"https:\/\/www.dojrzewalnia.pl\/wirtualna-dojrzewalnia\/\",\"name\":\"Wirtualna Dojrzewalnia\",\"description\":\"Platforma kurs&oacute;w online Dojrzewalni\",\"publisher\":{\"@id\":\"https:\/\/www.dojrzewalnia.pl\/wirtualna-dojrzewalnia\/#organization\"},\"potentialAction\":[{\"@type\":\"SearchAction\",\"target\":{\"@type\":\"EntryPoint\",\"urlTemplate\":\"https:\/\/www.dojrzewalnia.pl\/wirtualna-dojrzewalnia\/?s={search_term_string}\"},\"query-input\":{\"@type\":\"PropertyValueSpecification\",\"valueRequired\":true,\"valueName\":\"search_term_string\"}}],\"inLanguage\":\"pl-PL\"},{\"@type\":\"Organization\",\"@id\":\"https:\/\/www.dojrzewalnia.pl\/wirtualna-dojrzewalnia\/#organization\",\"name\":\"Dojrzewalnia Ewa Panufnik\",\"url\":\"https:\/\/www.dojrzewalnia.pl\/wirtualna-dojrzewalnia\/\",\"logo\":{\"@type\":\"ImageObject\",\"inLanguage\":\"pl-PL\",\"@id\":\"https:\/\/www.dojrzewalnia.pl\/wirtualna-dojrzewalnia\/#\/schema\/logo\/image\/\",\"url\":\"https:\/\/www.dojrzewalnia.pl\/wirtualna-dojrzewalnia\/wp-content\/uploads\/2018\/11\/Dojrzewalnia-logo-2.png\",\"contentUrl\":\"https:\/\/www.dojrzewalnia.pl\/wirtualna-dojrzewalnia\/wp-content\/uploads\/2018\/11\/Dojrzewalnia-logo-2.png\",\"width\":500,\"height\":189,\"caption\":\"Dojrzewalnia Ewa Panufnik\"},\"image\":{\"@id\":\"https:\/\/www.dojrzewalnia.pl\/wirtualna-dojrzewalnia\/#\/schema\/logo\/image\/\"},\"sameAs\":[\"https:\/\/www.facebook.com\/dojrzewalniapl-126646214077996\/\"]}]}<\/script>\n<!-- \/ Yoast SEO plugin. -->","yoast_head_json":{"title":"Kurs online \"Gra o Szcz\u0119\u015bcie\" - Wirtualna Dojrzewalnia","description":"Dzi\u0119ki wyzwaniu Gra o Szcz\u0119\u015bcie poznasz najnowsze odkrycia psychologii pozytywnej i b\u0119dziesz mie\u0107 naprawd\u0119 dobr\u0105 zabaw\u0119 wykonuj\u0105c zadania dnia.","robots":{"index":"index","follow":"follow","max-snippet":"max-snippet:-1","max-image-preview":"max-image-preview:large","max-video-preview":"max-video-preview:-1"},"canonical":"https:\/\/www.dojrzewalnia.pl\/wirtualna-dojrzewalnia\/produkt\/gra-o-szczescie\/","og_locale":"pl_PL","og_type":"article","og_title":"Kurs online \"Gra o Szcz\u0119\u015bcie\" - Wirtualna Dojrzewalnia","og_description":"Dzi\u0119ki wyzwaniu Gra o Szcz\u0119\u015bcie poznasz najnowsze odkrycia psychologii pozytywnej i b\u0119dziesz mie\u0107 naprawd\u0119 dobr\u0105 zabaw\u0119 wykonuj\u0105c zadania dnia.","og_url":"https:\/\/www.dojrzewalnia.pl\/wirtualna-dojrzewalnia\/produkt\/gra-o-szczescie\/","og_site_name":"Wirtualna Dojrzewalnia","article_publisher":"https:\/\/www.facebook.com\/dojrzewalniapl-126646214077996\/","article_modified_time":"2025-06-30T18:40:37+00:00","og_image":[{"width":500,"height":500,"url":"https:\/\/www.dojrzewalnia.pl\/wirtualna-dojrzewalnia\/wp-content\/uploads\/2019\/05\/Wyzwanie-Gra-o-Szczescie-Ewa-Panufnik-Wirtualna-Dojrzewalnia.jpg","type":"image\/jpeg"}],"twitter_card":"summary_large_image","twitter_misc":{"Szacowany czas czytania":"3 minuty"},"schema":{"@context":"https:\/\/schema.org","@graph":[{"@type":"WebPage","@id":"https:\/\/www.dojrzewalnia.pl\/wirtualna-dojrzewalnia\/produkt\/gra-o-szczescie\/","url":"https:\/\/www.dojrzewalnia.pl\/wirtualna-dojrzewalnia\/produkt\/gra-o-szczescie\/","name":"Kurs online \"Gra o Szcz\u0119\u015bcie\" - Wirtualna Dojrzewalnia","isPartOf":{"@id":"https:\/\/www.dojrzewalnia.pl\/wirtualna-dojrzewalnia\/#website"},"primaryImageOfPage":{"@id":"https:\/\/www.dojrzewalnia.pl\/wirtualna-dojrzewalnia\/produkt\/gra-o-szczescie\/#primaryimage"},"image":{"@id":"https:\/\/www.dojrzewalnia.pl\/wirtualna-dojrzewalnia\/produkt\/gra-o-szczescie\/#primaryimage"},"thumbnailUrl":"https:\/\/www.dojrzewalnia.pl\/wirtualna-dojrzewalnia\/wp-content\/uploads\/2019\/05\/Wyzwanie-Gra-o-Szczescie-Ewa-Panufnik-Wirtualna-Dojrzewalnia.jpg","datePublished":"2019-05-02T15:49:31+00:00","dateModified":"2025-06-30T18:40:37+00:00","description":"Dzi\u0119ki wyzwaniu Gra o Szcz\u0119\u015bcie poznasz najnowsze odkrycia psychologii pozytywnej i b\u0119dziesz mie\u0107 naprawd\u0119 dobr\u0105 zabaw\u0119 wykonuj\u0105c zadania dnia.","breadcrumb":{"@id":"https:\/\/www.dojrzewalnia.pl\/wirtualna-dojrzewalnia\/produkt\/gra-o-szczescie\/#breadcrumb"},"inLanguage":"pl-PL","potentialAction":[{"@type":"ReadAction","target":["https:\/\/www.dojrzewalnia.pl\/wirtualna-dojrzewalnia\/produkt\/gra-o-szczescie\/"]}]},{"@type":"ImageObject","inLanguage":"pl-PL","@id":"https:\/\/www.dojrzewalnia.pl\/wirtualna-dojrzewalnia\/produkt\/gra-o-szczescie\/#primaryimage","url":"https:\/\/www.dojrzewalnia.pl\/wirtualna-dojrzewalnia\/wp-content\/uploads\/2019\/05\/Wyzwanie-Gra-o-Szczescie-Ewa-Panufnik-Wirtualna-Dojrzewalnia.jpg","contentUrl":"https:\/\/www.dojrzewalnia.pl\/wirtualna-dojrzewalnia\/wp-content\/uploads\/2019\/05\/Wyzwanie-Gra-o-Szczescie-Ewa-Panufnik-Wirtualna-Dojrzewalnia.jpg","width":500,"height":500,"caption":"Wyzwanie Gra o Szcz\u0119\u015bcie Ewa Panufnik Wirtualna Dojrzewalnia"},{"@type":"BreadcrumbList","@id":"https:\/\/www.dojrzewalnia.pl\/wirtualna-dojrzewalnia\/produkt\/gra-o-szczescie\/#breadcrumb","itemListElement":[{"@type":"ListItem","position":1,"name":"Strona g\u0142\u00f3wna","item":"https:\/\/www.dojrzewalnia.pl\/wirtualna-dojrzewalnia\/"},{"@type":"ListItem","position":2,"name":"Sklep","item":"https:\/\/www.dojrzewalnia.pl\/wirtualna-dojrzewalnia\/sklep\/"},{"@type":"ListItem","position":3,"name":"Kurs online &#8220;Gra o Szcz\u0119\u015bcie&#8221;"}]},{"@type":"WebSite","@id":"https:\/\/www.dojrzewalnia.pl\/wirtualna-dojrzewalnia\/#website","url":"https:\/\/www.dojrzewalnia.pl\/wirtualna-dojrzewalnia\/","name":"Wirtualna Dojrzewalnia","description":"Platforma kurs&oacute;w online Dojrzewalni","publisher":{"@id":"https:\/\/www.dojrzewalnia.pl\/wirtualna-dojrzewalnia\/#organization"},"potentialAction":[{"@type":"SearchAction","target":{"@type":"EntryPoint","urlTemplate":"https:\/\/www.dojrzewalnia.pl\/wirtualna-dojrzewalnia\/?s={search_term_string}"},"query-input":{"@type":"PropertyValueSpecification","valueRequired":true,"valueName":"search_term_string"}}],"inLanguage":"pl-PL"},{"@type":"Organization","@id":"https:\/\/www.dojrzewalnia.pl\/wirtualna-dojrzewalnia\/#organization","name":"Dojrzewalnia Ewa Panufnik","url":"https:\/\/www.dojrzewalnia.pl\/wirtualna-dojrzewalnia\/","logo":{"@type":"ImageObject","inLanguage":"pl-PL","@id":"https:\/\/www.dojrzewalnia.pl\/wirtualna-dojrzewalnia\/#\/schema\/logo\/image\/","url":"https:\/\/www.dojrzewalnia.pl\/wirtualna-dojrzewalnia\/wp-content\/uploads\/2018\/11\/Dojrzewalnia-logo-2.png","contentUrl":"https:\/\/www.dojrzewalnia.pl\/wirtualna-dojrzewalnia\/wp-content\/uploads\/2018\/11\/Dojrzewalnia-logo-2.png","width":500,"height":189,"caption":"Dojrzewalnia Ewa Panufnik"},"image":{"@id":"https:\/\/www.dojrzewalnia.pl\/wirtualna-dojrzewalnia\/#\/schema\/logo\/image\/"},"sameAs":["https:\/\/www.facebook.com\/dojrzewalniapl-126646214077996\/"]}]}},"_links":{"self":[{"href":"https:\/\/www.dojrzewalnia.pl\/wirtualna-dojrzewalnia\/wp-json\/wp\/v2\/product\/1392"}],"collection":[{"href":"https:\/\/www.dojrzewalnia.pl\/wirtualna-dojrzewalnia\/wp-json\/wp\/v2\/product"}],"about":[{"href":"https:\/\/www.dojrzewalnia.pl\/wirtualna-dojrzewalnia\/wp-json\/wp\/v2\/types\/product"}],"replies":[{"embeddable":true,"href":"https:\/\/www.dojrzewalnia.pl\/wirtualna-dojrzewalnia\/wp-json\/wp\/v2\/comments?post=1392"}],"version-history":[{"count":5,"href":"https:\/\/www.dojrzewalnia.pl\/wirtualna-dojrzewalnia\/wp-json\/wp\/v2\/product\/1392\/revisions"}],"predecessor-version":[{"id":10978,"href":"https:\/\/www.dojrzewalnia.pl\/wirtualna-dojrzewalnia\/wp-json\/wp\/v2\/product\/1392\/revisions\/10978"}],"wp:featuredmedia":[{"embeddable":true,"href":"https:\/\/www.dojrzewalnia.pl\/wirtualna-dojrzewalnia\/wp-json\/wp\/v2\/media\/1387"}],"wp:attachment":[{"href":"https:\/\/www.dojrzewalnia.pl\/wirtualna-dojrzewalnia\/wp-json\/wp\/v2\/media?parent=1392"}],"wp:term":[{"taxonomy":"product_cat","embeddable":true,"href":"https:\/\/www.dojrzewalnia.pl\/wirtualna-dojrzewalnia\/wp-json\/wp\/v2\/product_cat?post=1392"},{"taxonomy":"product_tag","embeddable":true,"href":"https:\/\/www.dojrzewalnia.pl\/wirtualna-dojrzewalnia\/wp-json\/wp\/v2\/product_tag?post=1392"}],"curies":[{"name":"wp","href":"https:\/\/api.w.org\/{rel}","templated":true}]}}