{"id":13169,"date":"2026-04-12T16:22:52","date_gmt":"2026-04-12T14:22:52","guid":{"rendered":"https:\/\/www.dojrzewalnia.pl\/wirtualna-dojrzewalnia\/?post_type=product&#038;p=13169"},"modified":"2026-04-13T18:30:50","modified_gmt":"2026-04-13T16:30:50","slug":"co-dobrego-karty-swietowania-zycia","status":"publish","type":"product","link":"https:\/\/www.dojrzewalnia.pl\/wirtualna-dojrzewalnia\/produkt\/co-dobrego-karty-swietowania-zycia\/","title":{"rendered":"&#8220;Co dobrego? Karty \u015bwi\u0119towania \u017cycia &#8211; wersja pdf"},"content":{"rendered":"<p><span style=\"color: #125354;\"><strong>58 kart,<\/strong><\/span> kt\u00f3re przenios\u0105 Twoj\u0105 uwag\u0119 na to, co dzia\u0142a w Twoim \u017cyciu, na spe\u0142nione potrzeby, na zasoby, na dobre momenty.<br \/>\nPomog\u0105 Ci dostrzega\u0107 i celebrowa\u0107 to, co dobre. Zwi\u0119ksz\u0105 odporno\u015b\u0107 na to, co trudne, na pora\u017cki i rozczarowania.<br \/>\nWzmocni\u0105 satysfakcj\u0119 z relacji, \u017cycia zawodowego, miejsca, w kt\u00f3rym mieszkasz i wiele innych.<\/p>\n<p>Zapytaj <span style=\"color: #125354;\"><strong>&#8220;Co dobrego?&#8221;<\/strong><\/span> i zobacz, jak zmienia si\u0119 \u015bwiat wok\u00f3\u0142 Ciebie i Tw\u00f3j nastr\u00f3j.<\/p>\n<h2><span style=\"color: #125354;\"><b>\u201cKart \u015awi\u0119towania \u017bycia\u201d mo\u017cesz u\u017cywa\u0107 na kilka sposob\u00f3w:<\/b><\/span><\/h2>\n<ul>\n<li><span class=\"a_GcMg font-feature-liga-off font-feature-clig-off font-feature-calt-off text-decoration-none text-strikethrough-none\">Codziennie wieczorem <strong><span style=\"color: #125354;\">wylosuj jedno pytanie<\/span><\/strong><\/span> <span class=\"a_GcMg font-feature-liga-off font-feature-clig-off font-feature-calt-off text-decoration-none text-strikethrough-none\">i odpowiedz na nie w my\u015blach, <\/span>na g\u0142os, notuj\u0105c lub rysuj\u0105c w zeszycie.<\/li>\n<li><span class=\"a_GcMg font-feature-liga-off font-feature-clig-off font-feature-calt-off text-decoration-none text-strikethrough-none\">Stw\u00f3rz <\/span><strong><span class=\"a_GcMg font-feature-liga-off font-feature-clig-off font-feature-calt-off text-decoration-none text-strikethrough-none\" style=\"color: #125354;\">codzienny rytua\u0142 z blisk\u0105 osob\u0105<\/span><\/strong><span class=\"a_GcMg font-feature-liga-off font-feature-clig-off font-feature-calt-off text-decoration-none text-strikethrough-none\"> &#8211; wylosujcie pytanie i podzielcie si\u0119 odpowiedziami.<\/span><\/li>\n<li><strong><span style=\"color: #125354;\"><span class=\"a_GcMg font-feature-liga-off font-feature-clig-off font-feature-calt-off text-decoration-none text-strikethrough-none\">Wylosuj<\/span> <span class=\"a_GcMg font-feature-liga-off font-feature-clig-off font-feature-calt-off text-decoration-none text-strikethrough-none\">pytanie rano i skupiaj uwag\u0119 na nim przez ca\u0142y dzie\u0144<\/span><\/span><\/strong><span class=\"a_GcMg font-feature-liga-off font-feature-clig-off font-feature-calt-off text-decoration-none text-strikethrough-none\">, szukaj\u0105c odpowiedzi &#8211; wypatrujac dobra.<\/span><\/li>\n<li><span style=\"color: #125354;\"><strong><span class=\"a_GcMg font-feature-liga-off font-feature-clig-off font-feature-calt-off text-decoration-none text-strikethrough-none\">Koncentruj si\u0119 na wybranym pytaniu przez tydzie\u0144, miesi\u0105c, lub d\u0142u\u017cej,<\/span><\/strong><\/span><span class=\"a_GcMg font-feature-liga-off font-feature-clig-off font-feature-calt-off text-decoration-none text-strikethrough-none\"> szczeg\u00f3lnie korzystnie zadzia\u0142a to w obszarze pyta\u0144 zwi\u0105zanych z relacj\u0105 lub docenianiem siebie.<\/span><\/li>\n<li><span class=\"a_GcMg font-feature-liga-off font-feature-clig-off font-feature-calt-off text-decoration-none text-strikethrough-none\">Kiedy przydarzy Ci si\u0119 <strong><span style=\"color: #125354;\">co\u015b trudnego, <\/span><\/strong><\/span><strong><span style=\"color: #125354;\"><span class=\"a_GcMg font-feature-liga-off font-feature-clig-off font-feature-calt-off text-decoration-none text-strikethrough-none\">przywo\u0142aj pytania, kt\u00f3re pomog\u0105 odwr\u00f3ci\u0107 uwag\u0119 od ruminacji i nat\u0142oku negatywnych my\u015bl<\/span><span class=\"a_GcMg font-feature-liga-off font-feature-clig-off font-feature-calt-off text-decoration-none text-strikethrough-none\">i<\/span><\/span><\/strong><span class=\"a_GcMg font-feature-liga-off font-feature-clig-off font-feature-calt-off text-decoration-none text-strikethrough-none\"> na ten temat. Szukaj odpowiedzi na pytania, co dobrego mo\u017ce przynie\u015b\u0107 ta sytuacja lub co dobrego<\/span> <span class=\"a_GcMg font-feature-liga-off font-feature-clig-off font-feature-calt-off text-decoration-none text-strikethrough-none\">mo\u017cesz z ni\u0105 zrobi\u0107.<\/span><\/li>\n<li><span class=\"a_GcMg font-feature-liga-off font-feature-clig-off font-feature-calt-off text-decoration-none text-strikethrough-none\">Potraktuj karty jako pretekst do <span style=\"color: #125354;\"><strong>rozgrzewaj\u0105cej zabawy <\/strong><\/span><\/span><span style=\"color: #125354;\"><strong><span class=\"a_GcMg font-feature-liga-off font-feature-clig-off font-feature-calt-off text-decoration-none text-strikethrough-none\">w grupie znajomych os\u00f3b, rodzinie, <\/span><\/strong><\/span><span class=\"a_GcMg font-feature-liga-off font-feature-clig-off font-feature-calt-off text-decoration-none text-strikethrough-none\"><span style=\"color: #125354;\"><strong>na randce, w zespole w pracy;<\/strong><\/span> pomagaj\u0105cej si\u0119 lepiej pozna\u0107 i po\u015bwi\u0119towa\u0107 razem to, co dobrego<\/span><span class=\"a_GcMg font-feature-liga-off font-feature-clig-off font-feature-calt-off text-decoration-none text-strikethrough-none\">przynios\u0142o Wam \u017cycie.<\/span><\/li>\n<li><span class=\"a_GcMg font-feature-liga-off font-feature-clig-off font-feature-calt-off text-decoration-none text-strikethrough-none\">Niekt\u00f3re pytania z kart mog\u0105 pos\u0142u\u017cy\u0107 Ci do tego, by przeprowadza\u0107 <\/span><strong><span style=\"color: #125354;\"><span class=\"a_GcMg font-feature-liga-off font-feature-clig-off font-feature-calt-off text-decoration-none text-strikethrough-none\">cotygodniowy lub <\/span><span class=\"a_GcMg font-feature-liga-off font-feature-clig-off font-feature-calt-off text-decoration-none text-strikethrough-none\">comiesi\u0119czny remanent<\/span><\/span><\/strong><span class=\"a_GcMg font-feature-liga-off font-feature-clig-off font-feature-calt-off text-decoration-none text-strikethrough-none\">,<\/span> <span class=\"a_GcMg font-feature-liga-off font-feature-clig-off font-feature-calt-off text-decoration-none text-strikethrough-none\">pomagaj\u0105cy \u201cksi\u0119gowa\u0107\u201d dobre wydarzenia, kt\u00f3re Ci si\u0119 w tym okresie<\/span> <span class=\"a_GcMg font-feature-liga-off font-feature-clig-off font-feature-calt-off text-decoration-none text-strikethrough-none\">przydarzy\u0142y, a kt\u00f3re inaczej przemkn\u0119\u0142yby prawie niezauwa\u017cenie po obrze\u017cach Twojej \u015bwiadomo\u015bci.<\/span><\/li>\n<li><span class=\"a_GcMg font-feature-liga-off font-feature-clig-off font-feature-calt-off text-decoration-none text-strikethrough-none\">Wykorzystaj karty do <\/span><span class=\"a_GcMg font-feature-liga-off font-feature-clig-off font-feature-calt-off text-decoration-none text-strikethrough-none\">w<span style=\"color: #125354;\"><strong>zmacniania poczucia swojej warto\u015bci, sprawczo\u015bci i doceniania siebie<\/strong><\/span><\/span><span style=\"color: #125354;\"><strong><span class=\"a_GcMg font-feature-liga-off font-feature-clig-off font-feature-calt-off text-decoration-none text-strikethrough-none\">.<\/span><\/strong><\/span><\/li>\n<li><span class=\"a_GcMg font-feature-liga-off font-feature-clig-off font-feature-calt-off text-decoration-none text-strikethrough-none\">Skorzystaj z kart, by <\/span><span style=\"color: #125354;\"><strong><span class=\"a_GcMg font-feature-liga-off font-feature-clig-off font-feature-calt-off text-decoration-none text-strikethrough-none\">wyrazi\u0107 wdzi\u0119czno\u015b\u0107 bliskiej osobie \/ osobom<\/span><\/strong><\/span><span class=\"a_GcMg font-feature-liga-off font-feature-clig-off font-feature-calt-off text-decoration-none text-strikethrough-none\"> za to, co wnosi\/wnosz\u0105 <\/span><span class=\"a_GcMg font-feature-liga-off font-feature-clig-off font-feature-calt-off text-decoration-none text-strikethrough-none\">w Twoje \u017cycie &#8211; i w ten spos\u00f3b wzmacnia\u0107 po\u0142\u0105czenia i blisko\u015b\u0107 mi\u0119dzy Wami.<\/span><\/li>\n<li><span class=\"a_GcMg font-feature-liga-off font-feature-clig-off font-feature-calt-off text-decoration-none text-strikethrough-none\">Stw\u00f3rz <\/span><span style=\"color: #125354;\"><strong><span class=\"a_GcMg font-feature-liga-off font-feature-clig-off font-feature-calt-off text-decoration-none text-strikethrough-none\">rodzinny rytua\u0142 przy stole<\/span><\/strong><\/span><span class=\"a_GcMg font-feature-liga-off font-feature-clig-off font-feature-calt-off text-decoration-none text-strikethrough-none\">, np. podczas obiadu czy kolacji \u2013 podczas kt\u00f3rego wszyscy <\/span><span class=\"a_GcMg font-feature-liga-off font-feature-clig-off font-feature-calt-off text-decoration-none text-strikethrough-none\">odpowiadaj\u0105 na to samo pytanie, trenujac si\u0119 w dostrzeganiu dobra i \u015bwi\u0119towania spe\u0142nionych <\/span><span class=\"a_GcMg font-feature-liga-off font-feature-clig-off font-feature-calt-off text-decoration-none text-strikethrough-none\">potrzeb.<\/span><\/li>\n<\/ul>\n<p><span style=\"font-weight: 400;\">Powodzenia!<\/span><\/p>\n<p><span style=\"font-weight: 400;\">Ewa<\/span><\/p>\n","protected":false},"excerpt":{"rendered":"<p>58 kart, kt\u00f3re przenios\u0105 Twoj\u0105 uwag\u0119 na to, co dzia\u0142a w Twoim \u017cyciu, na spe\u0142nione potrzeby, na zasoby, na dobre momenty. Pomog\u0105 Ci dostrzega\u0107 i celebrowa\u0107 to, co dobre. Zwi\u0119ksz\u0105 odporno\u015b\u0107 na to, co trudne, na pora\u017cki i rozczarowania. Wzmocni\u0105 satysfakcj\u0119 z relacji, \u017cycia zawodowego, miejsca, w kt\u00f3rym mieszkasz i wiele innych. Zapytaj &#8220;Co dobrego?&#8221; [&hellip;]<\/p>\n","protected":false},"featured_media":13170,"comment_status":"closed","ping_status":"closed","template":"","meta":{"pmpro_default_level":"","_monsterinsights_skip_tracking":false,"_monsterinsights_sitenote_active":false,"_monsterinsights_sitenote_note":"","_monsterinsights_sitenote_category":0,"site-sidebar-layout":"default","site-content-layout":"","ast-site-content-layout":"default","site-content-style":"default","site-sidebar-style":"default","ast-global-header-display":"","ast-banner-title-visibility":"","ast-main-header-display":"","ast-hfb-above-header-display":"","ast-hfb-below-header-display":"","ast-hfb-mobile-header-display":"","site-post-title":"","ast-breadcrumbs-content":"","ast-featured-img":"","footer-sml-layout":"","theme-transparent-header-meta":"default","adv-header-id-meta":"","stick-header-meta":"","header-above-stick-meta":"","header-main-stick-meta":"","header-below-stick-meta":"","astra-migrate-meta-layouts":"set","ast-page-background-enabled":"default","ast-page-background-meta":{"desktop":{"background-color":"var(--ast-global-color-4)","background-image":"","background-repeat":"repeat","background-position":"center center","background-size":"auto","background-attachment":"scroll","background-type":"","background-media":"","overlay-type":"","overlay-color":"","overlay-opacity":"","overlay-gradient":""},"tablet":{"background-color":"","background-image":"","background-repeat":"repeat","background-position":"center center","background-size":"auto","background-attachment":"scroll","background-type":"","background-media":"","overlay-type":"","overlay-color":"","overlay-opacity":"","overlay-gradient":""},"mobile":{"background-color":"","background-image":"","background-repeat":"repeat","background-position":"center center","background-size":"auto","background-attachment":"scroll","background-type":"","background-media":"","overlay-type":"","overlay-color":"","overlay-opacity":"","overlay-gradient":""}},"ast-content-background-meta":{"desktop":{"background-color":"var(--ast-global-color-5)","background-image":"","background-repeat":"repeat","background-position":"center center","background-size":"auto","background-attachment":"scroll","background-type":"","background-media":"","overlay-type":"","overlay-color":"","overlay-opacity":"","overlay-gradient":""},"tablet":{"background-color":"var(--ast-global-color-5)","background-image":"","background-repeat":"repeat","background-position":"center center","background-size":"auto","background-attachment":"scroll","background-type":"","background-media":"","overlay-type":"","overlay-color":"","overlay-opacity":"","overlay-gradient":""},"mobile":{"background-color":"var(--ast-global-color-5)","background-image":"","background-repeat":"repeat","background-position":"center center","background-size":"auto","background-attachment":"scroll","background-type":"","background-media":"","overlay-type":"","overlay-color":"","overlay-opacity":"","overlay-gradient":""}}},"product_cat":[89],"product_tag":[156,121,157,158],"class_list":{"0":"post-13169","1":"product","2":"type-product","3":"status-publish","4":"has-post-thumbnail","6":"product_cat-karty-inspiracyjne","7":"product_tag-karty","8":"product_tag-odpornosc-psychiczna","9":"product_tag-swietowanie","10":"product_tag-uwaznosc","11":"pmpro-has-access","12":"desktop-align-left","13":"tablet-align-left","14":"mobile-align-left","16":"first","17":"instock","18":"downloadable","19":"virtual","20":"purchasable","21":"product-type-simple"},"yoast_head":"<!-- This site is optimized with the Yoast SEO plugin v23.4 - https:\/\/yoast.com\/wordpress\/plugins\/seo\/ -->\n<title>&quot;Co dobrego? Karty \u015bwi\u0119towania \u017cycia - wersja pdf - Wirtualna Dojrzewalnia<\/title>\n<meta name=\"robots\" content=\"index, follow, max-snippet:-1, max-image-preview:large, max-video-preview:-1\" \/>\n<link rel=\"canonical\" href=\"https:\/\/www.dojrzewalnia.pl\/wirtualna-dojrzewalnia\/produkt\/co-dobrego-karty-swietowania-zycia\/\" \/>\n<meta property=\"og:locale\" content=\"pl_PL\" \/>\n<meta property=\"og:type\" content=\"article\" \/>\n<meta property=\"og:title\" content=\"&quot;Co dobrego? Karty \u015bwi\u0119towania \u017cycia - wersja pdf - Wirtualna Dojrzewalnia\" \/>\n<meta property=\"og:description\" content=\"58 kart, kt\u00f3re przenios\u0105 Twoj\u0105 uwag\u0119 na to, co dzia\u0142a w Twoim \u017cyciu, na spe\u0142nione potrzeby, na zasoby, na dobre momenty. Pomog\u0105 Ci dostrzega\u0107 i celebrowa\u0107 to, co dobre. Zwi\u0119ksz\u0105 odporno\u015b\u0107 na to, co trudne, na pora\u017cki i rozczarowania. Wzmocni\u0105 satysfakcj\u0119 z relacji, \u017cycia zawodowego, miejsca, w kt\u00f3rym mieszkasz i wiele innych. Zapytaj &#8220;Co dobrego?&#8221; [&hellip;]\" \/>\n<meta property=\"og:url\" content=\"https:\/\/www.dojrzewalnia.pl\/wirtualna-dojrzewalnia\/produkt\/co-dobrego-karty-swietowania-zycia\/\" \/>\n<meta property=\"og:site_name\" content=\"Wirtualna Dojrzewalnia\" \/>\n<meta property=\"article:publisher\" content=\"https:\/\/www.facebook.com\/dojrzewalniapl-126646214077996\/\" \/>\n<meta property=\"article:modified_time\" content=\"2026-04-13T16:30:50+00:00\" \/>\n<meta property=\"og:image\" content=\"http:\/\/www.dojrzewalnia.pl\/wirtualna-dojrzewalnia\/wp-content\/uploads\/2026\/04\/Karty-Co-dobrego-\u2013-do-druku.png\" \/>\n\t<meta property=\"og:image:width\" content=\"1748\" \/>\n\t<meta property=\"og:image:height\" content=\"1240\" \/>\n\t<meta property=\"og:image:type\" content=\"image\/png\" \/>\n<meta name=\"twitter:card\" content=\"summary_large_image\" \/>\n<meta name=\"twitter:label1\" content=\"Szacowany czas czytania\" \/>\n\t<meta name=\"twitter:data1\" content=\"3 minuty\" \/>\n<script type=\"application\/ld+json\" class=\"yoast-schema-graph\">{\"@context\":\"https:\/\/schema.org\",\"@graph\":[{\"@type\":\"WebPage\",\"@id\":\"https:\/\/www.dojrzewalnia.pl\/wirtualna-dojrzewalnia\/produkt\/co-dobrego-karty-swietowania-zycia\/\",\"url\":\"https:\/\/www.dojrzewalnia.pl\/wirtualna-dojrzewalnia\/produkt\/co-dobrego-karty-swietowania-zycia\/\",\"name\":\"\\\"Co dobrego? Karty \u015bwi\u0119towania \u017cycia - wersja pdf - Wirtualna Dojrzewalnia\",\"isPartOf\":{\"@id\":\"https:\/\/www.dojrzewalnia.pl\/wirtualna-dojrzewalnia\/#website\"},\"primaryImageOfPage\":{\"@id\":\"https:\/\/www.dojrzewalnia.pl\/wirtualna-dojrzewalnia\/produkt\/co-dobrego-karty-swietowania-zycia\/#primaryimage\"},\"image\":{\"@id\":\"https:\/\/www.dojrzewalnia.pl\/wirtualna-dojrzewalnia\/produkt\/co-dobrego-karty-swietowania-zycia\/#primaryimage\"},\"thumbnailUrl\":\"https:\/\/www.dojrzewalnia.pl\/wirtualna-dojrzewalnia\/wp-content\/uploads\/2026\/04\/Karty-Co-dobrego-\u2013-do-druku.png\",\"datePublished\":\"2026-04-12T14:22:52+00:00\",\"dateModified\":\"2026-04-13T16:30:50+00:00\",\"breadcrumb\":{\"@id\":\"https:\/\/www.dojrzewalnia.pl\/wirtualna-dojrzewalnia\/produkt\/co-dobrego-karty-swietowania-zycia\/#breadcrumb\"},\"inLanguage\":\"pl-PL\",\"potentialAction\":[{\"@type\":\"ReadAction\",\"target\":[\"https:\/\/www.dojrzewalnia.pl\/wirtualna-dojrzewalnia\/produkt\/co-dobrego-karty-swietowania-zycia\/\"]}]},{\"@type\":\"ImageObject\",\"inLanguage\":\"pl-PL\",\"@id\":\"https:\/\/www.dojrzewalnia.pl\/wirtualna-dojrzewalnia\/produkt\/co-dobrego-karty-swietowania-zycia\/#primaryimage\",\"url\":\"https:\/\/www.dojrzewalnia.pl\/wirtualna-dojrzewalnia\/wp-content\/uploads\/2026\/04\/Karty-Co-dobrego-\u2013-do-druku.png\",\"contentUrl\":\"https:\/\/www.dojrzewalnia.pl\/wirtualna-dojrzewalnia\/wp-content\/uploads\/2026\/04\/Karty-Co-dobrego-\u2013-do-druku.png\",\"width\":1748,\"height\":1240},{\"@type\":\"BreadcrumbList\",\"@id\":\"https:\/\/www.dojrzewalnia.pl\/wirtualna-dojrzewalnia\/produkt\/co-dobrego-karty-swietowania-zycia\/#breadcrumb\",\"itemListElement\":[{\"@type\":\"ListItem\",\"position\":1,\"name\":\"Strona g\u0142\u00f3wna\",\"item\":\"https:\/\/www.dojrzewalnia.pl\/wirtualna-dojrzewalnia\/\"},{\"@type\":\"ListItem\",\"position\":2,\"name\":\"Sklep\",\"item\":\"https:\/\/www.dojrzewalnia.pl\/wirtualna-dojrzewalnia\/sklep\/\"},{\"@type\":\"ListItem\",\"position\":3,\"name\":\"&#8220;Co dobrego? Karty \u015bwi\u0119towania \u017cycia &#8211; wersja pdf\"}]},{\"@type\":\"WebSite\",\"@id\":\"https:\/\/www.dojrzewalnia.pl\/wirtualna-dojrzewalnia\/#website\",\"url\":\"https:\/\/www.dojrzewalnia.pl\/wirtualna-dojrzewalnia\/\",\"name\":\"Wirtualna Dojrzewalnia\",\"description\":\"Platforma kurs&oacute;w online Dojrzewalni\",\"publisher\":{\"@id\":\"https:\/\/www.dojrzewalnia.pl\/wirtualna-dojrzewalnia\/#organization\"},\"potentialAction\":[{\"@type\":\"SearchAction\",\"target\":{\"@type\":\"EntryPoint\",\"urlTemplate\":\"https:\/\/www.dojrzewalnia.pl\/wirtualna-dojrzewalnia\/?s={search_term_string}\"},\"query-input\":{\"@type\":\"PropertyValueSpecification\",\"valueRequired\":true,\"valueName\":\"search_term_string\"}}],\"inLanguage\":\"pl-PL\"},{\"@type\":\"Organization\",\"@id\":\"https:\/\/www.dojrzewalnia.pl\/wirtualna-dojrzewalnia\/#organization\",\"name\":\"Dojrzewalnia Ewa Panufnik\",\"url\":\"https:\/\/www.dojrzewalnia.pl\/wirtualna-dojrzewalnia\/\",\"logo\":{\"@type\":\"ImageObject\",\"inLanguage\":\"pl-PL\",\"@id\":\"https:\/\/www.dojrzewalnia.pl\/wirtualna-dojrzewalnia\/#\/schema\/logo\/image\/\",\"url\":\"https:\/\/www.dojrzewalnia.pl\/wirtualna-dojrzewalnia\/wp-content\/uploads\/2018\/11\/Dojrzewalnia-logo-2.png\",\"contentUrl\":\"https:\/\/www.dojrzewalnia.pl\/wirtualna-dojrzewalnia\/wp-content\/uploads\/2018\/11\/Dojrzewalnia-logo-2.png\",\"width\":500,\"height\":189,\"caption\":\"Dojrzewalnia Ewa Panufnik\"},\"image\":{\"@id\":\"https:\/\/www.dojrzewalnia.pl\/wirtualna-dojrzewalnia\/#\/schema\/logo\/image\/\"},\"sameAs\":[\"https:\/\/www.facebook.com\/dojrzewalniapl-126646214077996\/\"]}]}<\/script>\n<!-- \/ Yoast SEO plugin. -->","yoast_head_json":{"title":"\"Co dobrego? Karty \u015bwi\u0119towania \u017cycia - wersja pdf - Wirtualna Dojrzewalnia","robots":{"index":"index","follow":"follow","max-snippet":"max-snippet:-1","max-image-preview":"max-image-preview:large","max-video-preview":"max-video-preview:-1"},"canonical":"https:\/\/www.dojrzewalnia.pl\/wirtualna-dojrzewalnia\/produkt\/co-dobrego-karty-swietowania-zycia\/","og_locale":"pl_PL","og_type":"article","og_title":"\"Co dobrego? Karty \u015bwi\u0119towania \u017cycia - wersja pdf - Wirtualna Dojrzewalnia","og_description":"58 kart, kt\u00f3re przenios\u0105 Twoj\u0105 uwag\u0119 na to, co dzia\u0142a w Twoim \u017cyciu, na spe\u0142nione potrzeby, na zasoby, na dobre momenty. Pomog\u0105 Ci dostrzega\u0107 i celebrowa\u0107 to, co dobre. Zwi\u0119ksz\u0105 odporno\u015b\u0107 na to, co trudne, na pora\u017cki i rozczarowania. Wzmocni\u0105 satysfakcj\u0119 z relacji, \u017cycia zawodowego, miejsca, w kt\u00f3rym mieszkasz i wiele innych. Zapytaj &#8220;Co dobrego?&#8221; [&hellip;]","og_url":"https:\/\/www.dojrzewalnia.pl\/wirtualna-dojrzewalnia\/produkt\/co-dobrego-karty-swietowania-zycia\/","og_site_name":"Wirtualna Dojrzewalnia","article_publisher":"https:\/\/www.facebook.com\/dojrzewalniapl-126646214077996\/","article_modified_time":"2026-04-13T16:30:50+00:00","og_image":[{"width":1748,"height":1240,"url":"http:\/\/www.dojrzewalnia.pl\/wirtualna-dojrzewalnia\/wp-content\/uploads\/2026\/04\/Karty-Co-dobrego-\u2013-do-druku.png","type":"image\/png"}],"twitter_card":"summary_large_image","twitter_misc":{"Szacowany czas czytania":"3 minuty"},"schema":{"@context":"https:\/\/schema.org","@graph":[{"@type":"WebPage","@id":"https:\/\/www.dojrzewalnia.pl\/wirtualna-dojrzewalnia\/produkt\/co-dobrego-karty-swietowania-zycia\/","url":"https:\/\/www.dojrzewalnia.pl\/wirtualna-dojrzewalnia\/produkt\/co-dobrego-karty-swietowania-zycia\/","name":"\"Co dobrego? Karty \u015bwi\u0119towania \u017cycia - wersja pdf - Wirtualna Dojrzewalnia","isPartOf":{"@id":"https:\/\/www.dojrzewalnia.pl\/wirtualna-dojrzewalnia\/#website"},"primaryImageOfPage":{"@id":"https:\/\/www.dojrzewalnia.pl\/wirtualna-dojrzewalnia\/produkt\/co-dobrego-karty-swietowania-zycia\/#primaryimage"},"image":{"@id":"https:\/\/www.dojrzewalnia.pl\/wirtualna-dojrzewalnia\/produkt\/co-dobrego-karty-swietowania-zycia\/#primaryimage"},"thumbnailUrl":"https:\/\/www.dojrzewalnia.pl\/wirtualna-dojrzewalnia\/wp-content\/uploads\/2026\/04\/Karty-Co-dobrego-\u2013-do-druku.png","datePublished":"2026-04-12T14:22:52+00:00","dateModified":"2026-04-13T16:30:50+00:00","breadcrumb":{"@id":"https:\/\/www.dojrzewalnia.pl\/wirtualna-dojrzewalnia\/produkt\/co-dobrego-karty-swietowania-zycia\/#breadcrumb"},"inLanguage":"pl-PL","potentialAction":[{"@type":"ReadAction","target":["https:\/\/www.dojrzewalnia.pl\/wirtualna-dojrzewalnia\/produkt\/co-dobrego-karty-swietowania-zycia\/"]}]},{"@type":"ImageObject","inLanguage":"pl-PL","@id":"https:\/\/www.dojrzewalnia.pl\/wirtualna-dojrzewalnia\/produkt\/co-dobrego-karty-swietowania-zycia\/#primaryimage","url":"https:\/\/www.dojrzewalnia.pl\/wirtualna-dojrzewalnia\/wp-content\/uploads\/2026\/04\/Karty-Co-dobrego-\u2013-do-druku.png","contentUrl":"https:\/\/www.dojrzewalnia.pl\/wirtualna-dojrzewalnia\/wp-content\/uploads\/2026\/04\/Karty-Co-dobrego-\u2013-do-druku.png","width":1748,"height":1240},{"@type":"BreadcrumbList","@id":"https:\/\/www.dojrzewalnia.pl\/wirtualna-dojrzewalnia\/produkt\/co-dobrego-karty-swietowania-zycia\/#breadcrumb","itemListElement":[{"@type":"ListItem","position":1,"name":"Strona g\u0142\u00f3wna","item":"https:\/\/www.dojrzewalnia.pl\/wirtualna-dojrzewalnia\/"},{"@type":"ListItem","position":2,"name":"Sklep","item":"https:\/\/www.dojrzewalnia.pl\/wirtualna-dojrzewalnia\/sklep\/"},{"@type":"ListItem","position":3,"name":"&#8220;Co dobrego? Karty \u015bwi\u0119towania \u017cycia &#8211; wersja pdf"}]},{"@type":"WebSite","@id":"https:\/\/www.dojrzewalnia.pl\/wirtualna-dojrzewalnia\/#website","url":"https:\/\/www.dojrzewalnia.pl\/wirtualna-dojrzewalnia\/","name":"Wirtualna Dojrzewalnia","description":"Platforma kurs&oacute;w online Dojrzewalni","publisher":{"@id":"https:\/\/www.dojrzewalnia.pl\/wirtualna-dojrzewalnia\/#organization"},"potentialAction":[{"@type":"SearchAction","target":{"@type":"EntryPoint","urlTemplate":"https:\/\/www.dojrzewalnia.pl\/wirtualna-dojrzewalnia\/?s={search_term_string}"},"query-input":{"@type":"PropertyValueSpecification","valueRequired":true,"valueName":"search_term_string"}}],"inLanguage":"pl-PL"},{"@type":"Organization","@id":"https:\/\/www.dojrzewalnia.pl\/wirtualna-dojrzewalnia\/#organization","name":"Dojrzewalnia Ewa Panufnik","url":"https:\/\/www.dojrzewalnia.pl\/wirtualna-dojrzewalnia\/","logo":{"@type":"ImageObject","inLanguage":"pl-PL","@id":"https:\/\/www.dojrzewalnia.pl\/wirtualna-dojrzewalnia\/#\/schema\/logo\/image\/","url":"https:\/\/www.dojrzewalnia.pl\/wirtualna-dojrzewalnia\/wp-content\/uploads\/2018\/11\/Dojrzewalnia-logo-2.png","contentUrl":"https:\/\/www.dojrzewalnia.pl\/wirtualna-dojrzewalnia\/wp-content\/uploads\/2018\/11\/Dojrzewalnia-logo-2.png","width":500,"height":189,"caption":"Dojrzewalnia Ewa Panufnik"},"image":{"@id":"https:\/\/www.dojrzewalnia.pl\/wirtualna-dojrzewalnia\/#\/schema\/logo\/image\/"},"sameAs":["https:\/\/www.facebook.com\/dojrzewalniapl-126646214077996\/"]}]}},"_links":{"self":[{"href":"https:\/\/www.dojrzewalnia.pl\/wirtualna-dojrzewalnia\/wp-json\/wp\/v2\/product\/13169"}],"collection":[{"href":"https:\/\/www.dojrzewalnia.pl\/wirtualna-dojrzewalnia\/wp-json\/wp\/v2\/product"}],"about":[{"href":"https:\/\/www.dojrzewalnia.pl\/wirtualna-dojrzewalnia\/wp-json\/wp\/v2\/types\/product"}],"replies":[{"embeddable":true,"href":"https:\/\/www.dojrzewalnia.pl\/wirtualna-dojrzewalnia\/wp-json\/wp\/v2\/comments?post=13169"}],"version-history":[{"count":8,"href":"https:\/\/www.dojrzewalnia.pl\/wirtualna-dojrzewalnia\/wp-json\/wp\/v2\/product\/13169\/revisions"}],"predecessor-version":[{"id":13203,"href":"https:\/\/www.dojrzewalnia.pl\/wirtualna-dojrzewalnia\/wp-json\/wp\/v2\/product\/13169\/revisions\/13203"}],"wp:featuredmedia":[{"embeddable":true,"href":"https:\/\/www.dojrzewalnia.pl\/wirtualna-dojrzewalnia\/wp-json\/wp\/v2\/media\/13170"}],"wp:attachment":[{"href":"https:\/\/www.dojrzewalnia.pl\/wirtualna-dojrzewalnia\/wp-json\/wp\/v2\/media?parent=13169"}],"wp:term":[{"taxonomy":"product_cat","embeddable":true,"href":"https:\/\/www.dojrzewalnia.pl\/wirtualna-dojrzewalnia\/wp-json\/wp\/v2\/product_cat?post=13169"},{"taxonomy":"product_tag","embeddable":true,"href":"https:\/\/www.dojrzewalnia.pl\/wirtualna-dojrzewalnia\/wp-json\/wp\/v2\/product_tag?post=13169"}],"curies":[{"name":"wp","href":"https:\/\/api.w.org\/{rel}","templated":true}]}}