{"id":12112,"date":"2024-07-08T08:03:13","date_gmt":"2024-07-08T06:03:13","guid":{"rendered":"https:\/\/www.dojrzewalnia.pl\/wirtualna-dojrzewalnia\/?post_type=product&#038;p=12112"},"modified":"2025-02-09T12:15:48","modified_gmt":"2025-02-09T11:15:48","slug":"karty-wizji","status":"publish","type":"product","link":"https:\/\/www.dojrzewalnia.pl\/wirtualna-dojrzewalnia\/produkt\/karty-wizji\/","title":{"rendered":"Karty Wizji"},"content":{"rendered":"<p>To zestaw\u00a0 99 pyta\u0144, kt\u00f3re poprowadz\u0105 Ci\u0119 w stron\u0119 wymarzonego \u017cycia. Karty otrzymasz w wersji cyfrowej (pdf).<\/p>\n","protected":false},"excerpt":{"rendered":"<p>To zestaw\u00a0 99 pyta\u0144, kt\u00f3re poprowadz\u0105 Ci\u0119 w stron\u0119 wymarzonego \u017cycia. Karty otrzymasz w wersji cyfrowej (pdf).<\/p>\n","protected":false},"featured_media":12115,"comment_status":"closed","ping_status":"closed","template":"","meta":{"pmpro_default_level":"","_monsterinsights_skip_tracking":false,"_monsterinsights_sitenote_active":false,"_monsterinsights_sitenote_note":"","_monsterinsights_sitenote_category":0,"site-sidebar-layout":"default","site-content-layout":"","ast-site-content-layout":"default","site-content-style":"default","site-sidebar-style":"default","ast-global-header-display":"","ast-banner-title-visibility":"","ast-main-header-display":"","ast-hfb-above-header-display":"","ast-hfb-below-header-display":"","ast-hfb-mobile-header-display":"","site-post-title":"","ast-breadcrumbs-content":"","ast-featured-img":"","footer-sml-layout":"","theme-transparent-header-meta":"default","adv-header-id-meta":"","stick-header-meta":"","header-above-stick-meta":"","header-main-stick-meta":"","header-below-stick-meta":"","astra-migrate-meta-layouts":"set","ast-page-background-enabled":"default","ast-page-background-meta":{"desktop":{"background-color":"var(--ast-global-color-4)","background-image":"","background-repeat":"repeat","background-position":"center center","background-size":"auto","background-attachment":"scroll","background-type":"","background-media":"","overlay-type":"","overlay-color":"","overlay-opacity":"","overlay-gradient":""},"tablet":{"background-color":"","background-image":"","background-repeat":"repeat","background-position":"center center","background-size":"auto","background-attachment":"scroll","background-type":"","background-media":"","overlay-type":"","overlay-color":"","overlay-opacity":"","overlay-gradient":""},"mobile":{"background-color":"","background-image":"","background-repeat":"repeat","background-position":"center center","background-size":"auto","background-attachment":"scroll","background-type":"","background-media":"","overlay-type":"","overlay-color":"","overlay-opacity":"","overlay-gradient":""}},"ast-content-background-meta":{"desktop":{"background-color":"var(--ast-global-color-5)","background-image":"","background-repeat":"repeat","background-position":"center center","background-size":"auto","background-attachment":"scroll","background-type":"","background-media":"","overlay-type":"","overlay-color":"","overlay-opacity":"","overlay-gradient":""},"tablet":{"background-color":"var(--ast-global-color-5)","background-image":"","background-repeat":"repeat","background-position":"center center","background-size":"auto","background-attachment":"scroll","background-type":"","background-media":"","overlay-type":"","overlay-color":"","overlay-opacity":"","overlay-gradient":""},"mobile":{"background-color":"var(--ast-global-color-5)","background-image":"","background-repeat":"repeat","background-position":"center center","background-size":"auto","background-attachment":"scroll","background-type":"","background-media":"","overlay-type":"","overlay-color":"","overlay-opacity":"","overlay-gradient":""}}},"product_cat":[16],"product_tag":[],"class_list":{"0":"post-12112","1":"product","2":"type-product","3":"status-publish","4":"has-post-thumbnail","6":"product_cat-kursy-online","7":"pmpro-has-access","8":"desktop-align-left","9":"tablet-align-left","10":"mobile-align-left","12":"first","13":"instock","14":"downloadable","15":"virtual","16":"purchasable","17":"product-type-simple"},"yoast_head":"<!-- This site is optimized with the Yoast SEO plugin v23.4 - https:\/\/yoast.com\/wordpress\/plugins\/seo\/ -->\n<title>Karty Wizji - Wirtualna Dojrzewalnia<\/title>\n<meta name=\"robots\" content=\"index, follow, max-snippet:-1, max-image-preview:large, max-video-preview:-1\" \/>\n<link rel=\"canonical\" href=\"https:\/\/www.dojrzewalnia.pl\/wirtualna-dojrzewalnia\/produkt\/karty-wizji\/\" \/>\n<meta property=\"og:locale\" content=\"pl_PL\" \/>\n<meta property=\"og:type\" content=\"article\" \/>\n<meta property=\"og:title\" content=\"Karty Wizji - Wirtualna Dojrzewalnia\" \/>\n<meta property=\"og:description\" content=\"To zestaw\u00a0 99 pyta\u0144, kt\u00f3re poprowadz\u0105 Ci\u0119 w stron\u0119 wymarzonego \u017cycia. Karty otrzymasz w wersji cyfrowej (pdf).\" \/>\n<meta property=\"og:url\" content=\"https:\/\/www.dojrzewalnia.pl\/wirtualna-dojrzewalnia\/produkt\/karty-wizji\/\" \/>\n<meta property=\"og:site_name\" content=\"Wirtualna Dojrzewalnia\" \/>\n<meta property=\"article:publisher\" content=\"https:\/\/www.facebook.com\/dojrzewalniapl-126646214077996\/\" \/>\n<meta property=\"article:modified_time\" content=\"2025-02-09T11:15:48+00:00\" \/>\n<meta property=\"og:image\" content=\"https:\/\/www.dojrzewalnia.pl\/wirtualna-dojrzewalnia\/wp-content\/uploads\/2024\/07\/Kopia-karty-wizji-zlote-1.png\" \/>\n\t<meta property=\"og:image:width\" content=\"2000\" \/>\n\t<meta property=\"og:image:height\" content=\"1414\" \/>\n\t<meta property=\"og:image:type\" content=\"image\/png\" \/>\n<meta name=\"twitter:card\" content=\"summary_large_image\" \/>\n<script type=\"application\/ld+json\" class=\"yoast-schema-graph\">{\"@context\":\"https:\/\/schema.org\",\"@graph\":[{\"@type\":\"WebPage\",\"@id\":\"https:\/\/www.dojrzewalnia.pl\/wirtualna-dojrzewalnia\/produkt\/karty-wizji\/\",\"url\":\"https:\/\/www.dojrzewalnia.pl\/wirtualna-dojrzewalnia\/produkt\/karty-wizji\/\",\"name\":\"Karty Wizji - Wirtualna Dojrzewalnia\",\"isPartOf\":{\"@id\":\"https:\/\/www.dojrzewalnia.pl\/wirtualna-dojrzewalnia\/#website\"},\"primaryImageOfPage\":{\"@id\":\"https:\/\/www.dojrzewalnia.pl\/wirtualna-dojrzewalnia\/produkt\/karty-wizji\/#primaryimage\"},\"image\":{\"@id\":\"https:\/\/www.dojrzewalnia.pl\/wirtualna-dojrzewalnia\/produkt\/karty-wizji\/#primaryimage\"},\"thumbnailUrl\":\"https:\/\/www.dojrzewalnia.pl\/wirtualna-dojrzewalnia\/wp-content\/uploads\/2024\/07\/Kopia-karty-wizji-zlote-1.png\",\"datePublished\":\"2024-07-08T06:03:13+00:00\",\"dateModified\":\"2025-02-09T11:15:48+00:00\",\"breadcrumb\":{\"@id\":\"https:\/\/www.dojrzewalnia.pl\/wirtualna-dojrzewalnia\/produkt\/karty-wizji\/#breadcrumb\"},\"inLanguage\":\"pl-PL\",\"potentialAction\":[{\"@type\":\"ReadAction\",\"target\":[\"https:\/\/www.dojrzewalnia.pl\/wirtualna-dojrzewalnia\/produkt\/karty-wizji\/\"]}]},{\"@type\":\"ImageObject\",\"inLanguage\":\"pl-PL\",\"@id\":\"https:\/\/www.dojrzewalnia.pl\/wirtualna-dojrzewalnia\/produkt\/karty-wizji\/#primaryimage\",\"url\":\"https:\/\/www.dojrzewalnia.pl\/wirtualna-dojrzewalnia\/wp-content\/uploads\/2024\/07\/Kopia-karty-wizji-zlote-1.png\",\"contentUrl\":\"https:\/\/www.dojrzewalnia.pl\/wirtualna-dojrzewalnia\/wp-content\/uploads\/2024\/07\/Kopia-karty-wizji-zlote-1.png\",\"width\":2000,\"height\":1414},{\"@type\":\"BreadcrumbList\",\"@id\":\"https:\/\/www.dojrzewalnia.pl\/wirtualna-dojrzewalnia\/produkt\/karty-wizji\/#breadcrumb\",\"itemListElement\":[{\"@type\":\"ListItem\",\"position\":1,\"name\":\"Strona g\u0142\u00f3wna\",\"item\":\"https:\/\/www.dojrzewalnia.pl\/wirtualna-dojrzewalnia\/\"},{\"@type\":\"ListItem\",\"position\":2,\"name\":\"Sklep\",\"item\":\"https:\/\/www.dojrzewalnia.pl\/wirtualna-dojrzewalnia\/sklep\/\"},{\"@type\":\"ListItem\",\"position\":3,\"name\":\"Karty Wizji\"}]},{\"@type\":\"WebSite\",\"@id\":\"https:\/\/www.dojrzewalnia.pl\/wirtualna-dojrzewalnia\/#website\",\"url\":\"https:\/\/www.dojrzewalnia.pl\/wirtualna-dojrzewalnia\/\",\"name\":\"Wirtualna Dojrzewalnia\",\"description\":\"Platforma kurs&oacute;w online Dojrzewalni\",\"publisher\":{\"@id\":\"https:\/\/www.dojrzewalnia.pl\/wirtualna-dojrzewalnia\/#organization\"},\"potentialAction\":[{\"@type\":\"SearchAction\",\"target\":{\"@type\":\"EntryPoint\",\"urlTemplate\":\"https:\/\/www.dojrzewalnia.pl\/wirtualna-dojrzewalnia\/?s={search_term_string}\"},\"query-input\":{\"@type\":\"PropertyValueSpecification\",\"valueRequired\":true,\"valueName\":\"search_term_string\"}}],\"inLanguage\":\"pl-PL\"},{\"@type\":\"Organization\",\"@id\":\"https:\/\/www.dojrzewalnia.pl\/wirtualna-dojrzewalnia\/#organization\",\"name\":\"Dojrzewalnia Ewa Panufnik\",\"url\":\"https:\/\/www.dojrzewalnia.pl\/wirtualna-dojrzewalnia\/\",\"logo\":{\"@type\":\"ImageObject\",\"inLanguage\":\"pl-PL\",\"@id\":\"https:\/\/www.dojrzewalnia.pl\/wirtualna-dojrzewalnia\/#\/schema\/logo\/image\/\",\"url\":\"https:\/\/www.dojrzewalnia.pl\/wirtualna-dojrzewalnia\/wp-content\/uploads\/2018\/11\/Dojrzewalnia-logo-2.png\",\"contentUrl\":\"https:\/\/www.dojrzewalnia.pl\/wirtualna-dojrzewalnia\/wp-content\/uploads\/2018\/11\/Dojrzewalnia-logo-2.png\",\"width\":500,\"height\":189,\"caption\":\"Dojrzewalnia Ewa Panufnik\"},\"image\":{\"@id\":\"https:\/\/www.dojrzewalnia.pl\/wirtualna-dojrzewalnia\/#\/schema\/logo\/image\/\"},\"sameAs\":[\"https:\/\/www.facebook.com\/dojrzewalniapl-126646214077996\/\"]}]}<\/script>\n<!-- \/ Yoast SEO plugin. -->","yoast_head_json":{"title":"Karty Wizji - Wirtualna Dojrzewalnia","robots":{"index":"index","follow":"follow","max-snippet":"max-snippet:-1","max-image-preview":"max-image-preview:large","max-video-preview":"max-video-preview:-1"},"canonical":"https:\/\/www.dojrzewalnia.pl\/wirtualna-dojrzewalnia\/produkt\/karty-wizji\/","og_locale":"pl_PL","og_type":"article","og_title":"Karty Wizji - Wirtualna Dojrzewalnia","og_description":"To zestaw\u00a0 99 pyta\u0144, kt\u00f3re poprowadz\u0105 Ci\u0119 w stron\u0119 wymarzonego \u017cycia. Karty otrzymasz w wersji cyfrowej (pdf).","og_url":"https:\/\/www.dojrzewalnia.pl\/wirtualna-dojrzewalnia\/produkt\/karty-wizji\/","og_site_name":"Wirtualna Dojrzewalnia","article_publisher":"https:\/\/www.facebook.com\/dojrzewalniapl-126646214077996\/","article_modified_time":"2025-02-09T11:15:48+00:00","og_image":[{"width":2000,"height":1414,"url":"https:\/\/www.dojrzewalnia.pl\/wirtualna-dojrzewalnia\/wp-content\/uploads\/2024\/07\/Kopia-karty-wizji-zlote-1.png","type":"image\/png"}],"twitter_card":"summary_large_image","schema":{"@context":"https:\/\/schema.org","@graph":[{"@type":"WebPage","@id":"https:\/\/www.dojrzewalnia.pl\/wirtualna-dojrzewalnia\/produkt\/karty-wizji\/","url":"https:\/\/www.dojrzewalnia.pl\/wirtualna-dojrzewalnia\/produkt\/karty-wizji\/","name":"Karty Wizji - Wirtualna Dojrzewalnia","isPartOf":{"@id":"https:\/\/www.dojrzewalnia.pl\/wirtualna-dojrzewalnia\/#website"},"primaryImageOfPage":{"@id":"https:\/\/www.dojrzewalnia.pl\/wirtualna-dojrzewalnia\/produkt\/karty-wizji\/#primaryimage"},"image":{"@id":"https:\/\/www.dojrzewalnia.pl\/wirtualna-dojrzewalnia\/produkt\/karty-wizji\/#primaryimage"},"thumbnailUrl":"https:\/\/www.dojrzewalnia.pl\/wirtualna-dojrzewalnia\/wp-content\/uploads\/2024\/07\/Kopia-karty-wizji-zlote-1.png","datePublished":"2024-07-08T06:03:13+00:00","dateModified":"2025-02-09T11:15:48+00:00","breadcrumb":{"@id":"https:\/\/www.dojrzewalnia.pl\/wirtualna-dojrzewalnia\/produkt\/karty-wizji\/#breadcrumb"},"inLanguage":"pl-PL","potentialAction":[{"@type":"ReadAction","target":["https:\/\/www.dojrzewalnia.pl\/wirtualna-dojrzewalnia\/produkt\/karty-wizji\/"]}]},{"@type":"ImageObject","inLanguage":"pl-PL","@id":"https:\/\/www.dojrzewalnia.pl\/wirtualna-dojrzewalnia\/produkt\/karty-wizji\/#primaryimage","url":"https:\/\/www.dojrzewalnia.pl\/wirtualna-dojrzewalnia\/wp-content\/uploads\/2024\/07\/Kopia-karty-wizji-zlote-1.png","contentUrl":"https:\/\/www.dojrzewalnia.pl\/wirtualna-dojrzewalnia\/wp-content\/uploads\/2024\/07\/Kopia-karty-wizji-zlote-1.png","width":2000,"height":1414},{"@type":"BreadcrumbList","@id":"https:\/\/www.dojrzewalnia.pl\/wirtualna-dojrzewalnia\/produkt\/karty-wizji\/#breadcrumb","itemListElement":[{"@type":"ListItem","position":1,"name":"Strona g\u0142\u00f3wna","item":"https:\/\/www.dojrzewalnia.pl\/wirtualna-dojrzewalnia\/"},{"@type":"ListItem","position":2,"name":"Sklep","item":"https:\/\/www.dojrzewalnia.pl\/wirtualna-dojrzewalnia\/sklep\/"},{"@type":"ListItem","position":3,"name":"Karty Wizji"}]},{"@type":"WebSite","@id":"https:\/\/www.dojrzewalnia.pl\/wirtualna-dojrzewalnia\/#website","url":"https:\/\/www.dojrzewalnia.pl\/wirtualna-dojrzewalnia\/","name":"Wirtualna Dojrzewalnia","description":"Platforma kurs&oacute;w online Dojrzewalni","publisher":{"@id":"https:\/\/www.dojrzewalnia.pl\/wirtualna-dojrzewalnia\/#organization"},"potentialAction":[{"@type":"SearchAction","target":{"@type":"EntryPoint","urlTemplate":"https:\/\/www.dojrzewalnia.pl\/wirtualna-dojrzewalnia\/?s={search_term_string}"},"query-input":{"@type":"PropertyValueSpecification","valueRequired":true,"valueName":"search_term_string"}}],"inLanguage":"pl-PL"},{"@type":"Organization","@id":"https:\/\/www.dojrzewalnia.pl\/wirtualna-dojrzewalnia\/#organization","name":"Dojrzewalnia Ewa Panufnik","url":"https:\/\/www.dojrzewalnia.pl\/wirtualna-dojrzewalnia\/","logo":{"@type":"ImageObject","inLanguage":"pl-PL","@id":"https:\/\/www.dojrzewalnia.pl\/wirtualna-dojrzewalnia\/#\/schema\/logo\/image\/","url":"https:\/\/www.dojrzewalnia.pl\/wirtualna-dojrzewalnia\/wp-content\/uploads\/2018\/11\/Dojrzewalnia-logo-2.png","contentUrl":"https:\/\/www.dojrzewalnia.pl\/wirtualna-dojrzewalnia\/wp-content\/uploads\/2018\/11\/Dojrzewalnia-logo-2.png","width":500,"height":189,"caption":"Dojrzewalnia Ewa Panufnik"},"image":{"@id":"https:\/\/www.dojrzewalnia.pl\/wirtualna-dojrzewalnia\/#\/schema\/logo\/image\/"},"sameAs":["https:\/\/www.facebook.com\/dojrzewalniapl-126646214077996\/"]}]}},"_links":{"self":[{"href":"https:\/\/www.dojrzewalnia.pl\/wirtualna-dojrzewalnia\/wp-json\/wp\/v2\/product\/12112"}],"collection":[{"href":"https:\/\/www.dojrzewalnia.pl\/wirtualna-dojrzewalnia\/wp-json\/wp\/v2\/product"}],"about":[{"href":"https:\/\/www.dojrzewalnia.pl\/wirtualna-dojrzewalnia\/wp-json\/wp\/v2\/types\/product"}],"replies":[{"embeddable":true,"href":"https:\/\/www.dojrzewalnia.pl\/wirtualna-dojrzewalnia\/wp-json\/wp\/v2\/comments?post=12112"}],"version-history":[{"count":1,"href":"https:\/\/www.dojrzewalnia.pl\/wirtualna-dojrzewalnia\/wp-json\/wp\/v2\/product\/12112\/revisions"}],"predecessor-version":[{"id":12123,"href":"https:\/\/www.dojrzewalnia.pl\/wirtualna-dojrzewalnia\/wp-json\/wp\/v2\/product\/12112\/revisions\/12123"}],"wp:featuredmedia":[{"embeddable":true,"href":"https:\/\/www.dojrzewalnia.pl\/wirtualna-dojrzewalnia\/wp-json\/wp\/v2\/media\/12115"}],"wp:attachment":[{"href":"https:\/\/www.dojrzewalnia.pl\/wirtualna-dojrzewalnia\/wp-json\/wp\/v2\/media?parent=12112"}],"wp:term":[{"taxonomy":"product_cat","embeddable":true,"href":"https:\/\/www.dojrzewalnia.pl\/wirtualna-dojrzewalnia\/wp-json\/wp\/v2\/product_cat?post=12112"},{"taxonomy":"product_tag","embeddable":true,"href":"https:\/\/www.dojrzewalnia.pl\/wirtualna-dojrzewalnia\/wp-json\/wp\/v2\/product_tag?post=12112"}],"curies":[{"name":"wp","href":"https:\/\/api.w.org\/{rel}","templated":true}]}}