{"id":1103,"date":"2019-02-09T18:15:06","date_gmt":"2019-02-09T17:15:06","guid":{"rendered":"https:\/\/www.dojrzewalnia.pl\/wirtualna-dojrzewalnia\/?post_type=product&#038;p=1103"},"modified":"2025-02-09T12:17:23","modified_gmt":"2025-02-09T11:17:23","slug":"you-rise-and-shine","status":"publish","type":"product","link":"https:\/\/www.dojrzewalnia.pl\/wirtualna-dojrzewalnia\/produkt\/you-rise-and-shine\/","title":{"rendered":"Kurs online &#8220;You Rise and Shine&#8221;"},"content":{"rendered":"<p><strong>YOU RISE AND SHINE<\/strong>\u00a0to projekt\u00a0<strong>zwyci\u0119skiego<\/strong> <strong>wyj\u015bcia z \u017cyciowego kryzysu<\/strong>\u00a0w oparciu o\u00a0<strong>autorski proces Ewy Panufnik<\/strong>, oparty na jej do\u015bwiadczeniu i wiedzy z obszaru rozwoju osobistego.<\/p>\n<p>Stworzony, by podnie\u015b\u0107 si\u0119 z kolan, na kt\u00f3re rzuci\u0142o j\u0105 \u017cycie i\u00a0<strong>zacz\u0105\u0107 prawdziwie \u017cy\u0107<\/strong>, z g\u0142\u0119bi swojej natury.<\/p>\n<p>Jego celem by\u0142o i jest\u00a0<strong>budowanie \u017cycia pe\u0142nego mi\u0142o\u015bci<\/strong>, \u015bmiechu, pi\u0119kna, przyjaci\u00f3\u0142 i sensu.<\/p>\n<p>Proces podzieli\u0142am na dwie cz\u0119\u015bci:\u00a0<strong>faz\u0119 Rise<\/strong>\u00a0i\u00a0<strong>faz\u0119 Shine<\/strong>:<\/p>\n<ul>\n<li><strong>Poziom pierwszy<\/strong> \u2013 RISE, czyli wstajemy z kolan, na kt\u00f3re rzuci\u0142o nas \u017cycie.<\/li>\n<li><strong>Poziom drugi<\/strong> \u2013 SHINE, czyli zaczynamy l\u015bni\u0107 blaskiem swojej prawdziwej natury.<\/li>\n<\/ul>\n<p>\u2014\u2014\u2014\u2014\u2014\u2014\u2014\u2014\u2014\u2014\u2014\u2014\u2014\u2014<\/p>\n<p><strong>UWAGA:<\/strong> Kurs\u00a0<span style=\"font-size: 16px; font-style: normal; font-weight: 400;\">obejmuje <\/span><strong style=\"font-size: 16px; font-style: normal;\">12 odcink\u00f3w<\/strong><span style=\"font-size: 16px; font-style: normal; font-weight: 400;\">.\u00a0Dost\u0119p do kursu jest wa\u017cny przez\u00a0<\/span><strong style=\"font-size: 16px; font-style: normal;\">rok<\/strong><span style=\"font-size: 16px; font-style: normal; font-weight: 400;\">. Kurs <\/span><span style=\"font-size: 16px;\">przeznaczony jest do\u00a0<\/span><strong style=\"font-size: 16px;\">samodzielnej pracy<\/strong><span style=\"font-size: 16px;\"> we w\u0142asnym tempie<\/span><span style=\"font-size: 16px; font-style: normal; font-weight: 400;\">, nie ma mo\u017cliwo\u015bci kontaktu z autork\u0105. <\/span><strong style=\"font-size: 16px;\">Tre\u015bci<\/strong> <strong style=\"font-size: 16px;\">kursu <\/strong><span style=\"font-size: 16px;\">nie b\u0119d\u0105 wysy\u0142ane mailem.\u00a0Ca\u0142o\u015b\u0107 kursu jest dost\u0119pna na platformie. Masz do niej dost\u0119p w dowolnym czasie i z dowolnego komputera\/telefonu. Wymaga to posiadania konta na platformie (utworzy si\u0119 samodzielnie przy sk\u0142adaniu zam\u00f3wienia) i zalogowania si\u0119.<\/span><\/p>\n<p>Po z\u0142o\u017ceniu zam\u00f3wienia,\u00a0<strong>link do kursu\u00a0<\/strong>b\u0119dzie dost\u0119pny w mailu potwierdzaj\u0105cym oraz na stronie\u00a0<a href=\"https:\/\/www.dojrzewalnia.pl\/wirtualna-dojrzewalnia\/moje-konto\/\"><strong>Moje konto<\/strong><\/a>\u00a0po zalogowaniu si\u0119.<\/p>\n","protected":false},"excerpt":{"rendered":"<p>YOU RISE AND SHINE\u00a0to projekt\u00a0zwyci\u0119skiego wyj\u015bcia z \u017cyciowego kryzysu\u00a0w oparciu o\u00a0autorski proces Ewy Panufnik, oparty na jej do\u015bwiadczeniu i wiedzy z obszaru rozwoju osobistego. Stworzony, by podnie\u015b\u0107 si\u0119 z kolan, na kt\u00f3re rzuci\u0142o j\u0105 \u017cycie i\u00a0zacz\u0105\u0107 prawdziwie \u017cy\u0107, z g\u0142\u0119bi swojej natury. Jego celem by\u0142o i jest\u00a0budowanie \u017cycia pe\u0142nego mi\u0142o\u015bci, \u015bmiechu, pi\u0119kna, przyjaci\u00f3\u0142 i sensu. [&hellip;]<\/p>\n","protected":false},"featured_media":1104,"comment_status":"closed","ping_status":"closed","template":"","meta":{"pmpro_default_level":"","_monsterinsights_skip_tracking":false,"_monsterinsights_sitenote_active":false,"_monsterinsights_sitenote_note":"","_monsterinsights_sitenote_category":0,"site-sidebar-layout":"default","site-content-layout":"default","ast-site-content-layout":"","site-content-style":"default","site-sidebar-style":"default","ast-global-header-display":"","ast-banner-title-visibility":"","ast-main-header-display":"","ast-hfb-above-header-display":"","ast-hfb-below-header-display":"","ast-hfb-mobile-header-display":"","site-post-title":"","ast-breadcrumbs-content":"","ast-featured-img":"","footer-sml-layout":"","theme-transparent-header-meta":"default","adv-header-id-meta":"","stick-header-meta":"","header-above-stick-meta":"","header-main-stick-meta":"","header-below-stick-meta":"","astra-migrate-meta-layouts":"default","ast-page-background-enabled":"default","ast-page-background-meta":{"desktop":{"background-color":"var(--ast-global-color-4)","background-image":"","background-repeat":"repeat","background-position":"center center","background-size":"auto","background-attachment":"scroll","background-type":"","background-media":"","overlay-type":"","overlay-color":"","overlay-opacity":"","overlay-gradient":""},"tablet":{"background-color":"","background-image":"","background-repeat":"repeat","background-position":"center center","background-size":"auto","background-attachment":"scroll","background-type":"","background-media":"","overlay-type":"","overlay-color":"","overlay-opacity":"","overlay-gradient":""},"mobile":{"background-color":"","background-image":"","background-repeat":"repeat","background-position":"center center","background-size":"auto","background-attachment":"scroll","background-type":"","background-media":"","overlay-type":"","overlay-color":"","overlay-opacity":"","overlay-gradient":""}},"ast-content-background-meta":{"desktop":{"background-color":"var(--ast-global-color-5)","background-image":"","background-repeat":"repeat","background-position":"center center","background-size":"auto","background-attachment":"scroll","background-type":"","background-media":"","overlay-type":"","overlay-color":"","overlay-opacity":"","overlay-gradient":""},"tablet":{"background-color":"var(--ast-global-color-5)","background-image":"","background-repeat":"repeat","background-position":"center center","background-size":"auto","background-attachment":"scroll","background-type":"","background-media":"","overlay-type":"","overlay-color":"","overlay-opacity":"","overlay-gradient":""},"mobile":{"background-color":"var(--ast-global-color-5)","background-image":"","background-repeat":"repeat","background-position":"center center","background-size":"auto","background-attachment":"scroll","background-type":"","background-media":"","overlay-type":"","overlay-color":"","overlay-opacity":"","overlay-gradient":""}}},"product_cat":[16],"product_tag":[],"class_list":{"0":"post-1103","1":"product","2":"type-product","3":"status-publish","4":"has-post-thumbnail","6":"product_cat-kursy-online","7":"pmpro-has-access","8":"desktop-align-left","9":"tablet-align-left","10":"mobile-align-left","12":"first","13":"instock","14":"featured","15":"downloadable","16":"virtual","17":"sold-individually","18":"purchasable","19":"product-type-simple"},"yoast_head":"<!-- This site is optimized with the Yoast SEO plugin v23.4 - https:\/\/yoast.com\/wordpress\/plugins\/seo\/ -->\n<title>Kurs online &quot;You Rise and Shine&quot; - Wirtualna Dojrzewalnia<\/title>\n<meta name=\"description\" content=\"You Rise and Shine\u00a0to projekt\u00a0zwyci\u0119skiego wyj\u015bcia z \u017cyciowego kryzysu\u00a0w oparciu o\u00a0autorski proces Ewy Panufnik, oparty na jej do\u015bwiadczeniu i wiedzy.\" \/>\n<meta name=\"robots\" content=\"index, follow, max-snippet:-1, max-image-preview:large, max-video-preview:-1\" \/>\n<link rel=\"canonical\" href=\"https:\/\/www.dojrzewalnia.pl\/wirtualna-dojrzewalnia\/produkt\/you-rise-and-shine\/\" \/>\n<meta property=\"og:locale\" content=\"pl_PL\" \/>\n<meta property=\"og:type\" content=\"article\" \/>\n<meta property=\"og:title\" content=\"Kurs online &quot;You Rise and Shine&quot; - Wirtualna Dojrzewalnia\" \/>\n<meta property=\"og:description\" content=\"You Rise and Shine\u00a0to projekt\u00a0zwyci\u0119skiego wyj\u015bcia z \u017cyciowego kryzysu\u00a0w oparciu o\u00a0autorski proces Ewy Panufnik, oparty na jej do\u015bwiadczeniu i wiedzy.\" \/>\n<meta property=\"og:url\" content=\"https:\/\/www.dojrzewalnia.pl\/wirtualna-dojrzewalnia\/produkt\/you-rise-and-shine\/\" \/>\n<meta property=\"og:site_name\" content=\"Wirtualna Dojrzewalnia\" \/>\n<meta property=\"article:publisher\" content=\"https:\/\/www.facebook.com\/dojrzewalniapl-126646214077996\/\" \/>\n<meta property=\"article:modified_time\" content=\"2025-02-09T11:17:23+00:00\" \/>\n<meta property=\"og:image\" content=\"https:\/\/www.dojrzewalnia.pl\/wirtualna-dojrzewalnia\/wp-content\/uploads\/2019\/02\/Kurs-online-You-Rise-and-Shine-Ewa-Panufnik-Wirtualna-Dojrzewalnia.jpg\" \/>\n\t<meta property=\"og:image:width\" content=\"800\" \/>\n\t<meta property=\"og:image:height\" content=\"800\" \/>\n\t<meta property=\"og:image:type\" content=\"image\/jpeg\" \/>\n<meta name=\"twitter:card\" content=\"summary_large_image\" \/>\n<meta name=\"twitter:label1\" content=\"Szacowany czas czytania\" \/>\n\t<meta name=\"twitter:data1\" content=\"1 minuta\" \/>\n<script type=\"application\/ld+json\" class=\"yoast-schema-graph\">{\"@context\":\"https:\/\/schema.org\",\"@graph\":[{\"@type\":\"WebPage\",\"@id\":\"https:\/\/www.dojrzewalnia.pl\/wirtualna-dojrzewalnia\/produkt\/you-rise-and-shine\/\",\"url\":\"https:\/\/www.dojrzewalnia.pl\/wirtualna-dojrzewalnia\/produkt\/you-rise-and-shine\/\",\"name\":\"Kurs online \\\"You Rise and Shine\\\" - Wirtualna Dojrzewalnia\",\"isPartOf\":{\"@id\":\"https:\/\/www.dojrzewalnia.pl\/wirtualna-dojrzewalnia\/#website\"},\"primaryImageOfPage\":{\"@id\":\"https:\/\/www.dojrzewalnia.pl\/wirtualna-dojrzewalnia\/produkt\/you-rise-and-shine\/#primaryimage\"},\"image\":{\"@id\":\"https:\/\/www.dojrzewalnia.pl\/wirtualna-dojrzewalnia\/produkt\/you-rise-and-shine\/#primaryimage\"},\"thumbnailUrl\":\"https:\/\/www.dojrzewalnia.pl\/wirtualna-dojrzewalnia\/wp-content\/uploads\/2019\/02\/Kurs-online-You-Rise-and-Shine-Ewa-Panufnik-Wirtualna-Dojrzewalnia.jpg\",\"datePublished\":\"2019-02-09T17:15:06+00:00\",\"dateModified\":\"2025-02-09T11:17:23+00:00\",\"description\":\"You Rise and Shine\u00a0to projekt\u00a0zwyci\u0119skiego wyj\u015bcia z \u017cyciowego kryzysu\u00a0w oparciu o\u00a0autorski proces Ewy Panufnik, oparty na jej do\u015bwiadczeniu i wiedzy.\",\"breadcrumb\":{\"@id\":\"https:\/\/www.dojrzewalnia.pl\/wirtualna-dojrzewalnia\/produkt\/you-rise-and-shine\/#breadcrumb\"},\"inLanguage\":\"pl-PL\",\"potentialAction\":[{\"@type\":\"ReadAction\",\"target\":[\"https:\/\/www.dojrzewalnia.pl\/wirtualna-dojrzewalnia\/produkt\/you-rise-and-shine\/\"]}]},{\"@type\":\"ImageObject\",\"inLanguage\":\"pl-PL\",\"@id\":\"https:\/\/www.dojrzewalnia.pl\/wirtualna-dojrzewalnia\/produkt\/you-rise-and-shine\/#primaryimage\",\"url\":\"https:\/\/www.dojrzewalnia.pl\/wirtualna-dojrzewalnia\/wp-content\/uploads\/2019\/02\/Kurs-online-You-Rise-and-Shine-Ewa-Panufnik-Wirtualna-Dojrzewalnia.jpg\",\"contentUrl\":\"https:\/\/www.dojrzewalnia.pl\/wirtualna-dojrzewalnia\/wp-content\/uploads\/2019\/02\/Kurs-online-You-Rise-and-Shine-Ewa-Panufnik-Wirtualna-Dojrzewalnia.jpg\",\"width\":800,\"height\":800,\"caption\":\"Kurs online You Rise and Shine Ewa Panufnik Wirtualna Dojrzewalnia\"},{\"@type\":\"BreadcrumbList\",\"@id\":\"https:\/\/www.dojrzewalnia.pl\/wirtualna-dojrzewalnia\/produkt\/you-rise-and-shine\/#breadcrumb\",\"itemListElement\":[{\"@type\":\"ListItem\",\"position\":1,\"name\":\"Strona g\u0142\u00f3wna\",\"item\":\"https:\/\/www.dojrzewalnia.pl\/wirtualna-dojrzewalnia\/\"},{\"@type\":\"ListItem\",\"position\":2,\"name\":\"Sklep\",\"item\":\"https:\/\/www.dojrzewalnia.pl\/wirtualna-dojrzewalnia\/sklep\/\"},{\"@type\":\"ListItem\",\"position\":3,\"name\":\"Kurs online &#8220;You Rise and Shine&#8221;\"}]},{\"@type\":\"WebSite\",\"@id\":\"https:\/\/www.dojrzewalnia.pl\/wirtualna-dojrzewalnia\/#website\",\"url\":\"https:\/\/www.dojrzewalnia.pl\/wirtualna-dojrzewalnia\/\",\"name\":\"Wirtualna Dojrzewalnia\",\"description\":\"Platforma kurs&oacute;w online Dojrzewalni\",\"publisher\":{\"@id\":\"https:\/\/www.dojrzewalnia.pl\/wirtualna-dojrzewalnia\/#organization\"},\"potentialAction\":[{\"@type\":\"SearchAction\",\"target\":{\"@type\":\"EntryPoint\",\"urlTemplate\":\"https:\/\/www.dojrzewalnia.pl\/wirtualna-dojrzewalnia\/?s={search_term_string}\"},\"query-input\":{\"@type\":\"PropertyValueSpecification\",\"valueRequired\":true,\"valueName\":\"search_term_string\"}}],\"inLanguage\":\"pl-PL\"},{\"@type\":\"Organization\",\"@id\":\"https:\/\/www.dojrzewalnia.pl\/wirtualna-dojrzewalnia\/#organization\",\"name\":\"Dojrzewalnia Ewa Panufnik\",\"url\":\"https:\/\/www.dojrzewalnia.pl\/wirtualna-dojrzewalnia\/\",\"logo\":{\"@type\":\"ImageObject\",\"inLanguage\":\"pl-PL\",\"@id\":\"https:\/\/www.dojrzewalnia.pl\/wirtualna-dojrzewalnia\/#\/schema\/logo\/image\/\",\"url\":\"https:\/\/www.dojrzewalnia.pl\/wirtualna-dojrzewalnia\/wp-content\/uploads\/2018\/11\/Dojrzewalnia-logo-2.png\",\"contentUrl\":\"https:\/\/www.dojrzewalnia.pl\/wirtualna-dojrzewalnia\/wp-content\/uploads\/2018\/11\/Dojrzewalnia-logo-2.png\",\"width\":500,\"height\":189,\"caption\":\"Dojrzewalnia Ewa Panufnik\"},\"image\":{\"@id\":\"https:\/\/www.dojrzewalnia.pl\/wirtualna-dojrzewalnia\/#\/schema\/logo\/image\/\"},\"sameAs\":[\"https:\/\/www.facebook.com\/dojrzewalniapl-126646214077996\/\"]}]}<\/script>\n<!-- \/ Yoast SEO plugin. -->","yoast_head_json":{"title":"Kurs online \"You Rise and Shine\" - Wirtualna Dojrzewalnia","description":"You Rise and Shine\u00a0to projekt\u00a0zwyci\u0119skiego wyj\u015bcia z \u017cyciowego kryzysu\u00a0w oparciu o\u00a0autorski proces Ewy Panufnik, oparty na jej do\u015bwiadczeniu i wiedzy.","robots":{"index":"index","follow":"follow","max-snippet":"max-snippet:-1","max-image-preview":"max-image-preview:large","max-video-preview":"max-video-preview:-1"},"canonical":"https:\/\/www.dojrzewalnia.pl\/wirtualna-dojrzewalnia\/produkt\/you-rise-and-shine\/","og_locale":"pl_PL","og_type":"article","og_title":"Kurs online \"You Rise and Shine\" - Wirtualna Dojrzewalnia","og_description":"You Rise and Shine\u00a0to projekt\u00a0zwyci\u0119skiego wyj\u015bcia z \u017cyciowego kryzysu\u00a0w oparciu o\u00a0autorski proces Ewy Panufnik, oparty na jej do\u015bwiadczeniu i wiedzy.","og_url":"https:\/\/www.dojrzewalnia.pl\/wirtualna-dojrzewalnia\/produkt\/you-rise-and-shine\/","og_site_name":"Wirtualna Dojrzewalnia","article_publisher":"https:\/\/www.facebook.com\/dojrzewalniapl-126646214077996\/","article_modified_time":"2025-02-09T11:17:23+00:00","og_image":[{"width":800,"height":800,"url":"https:\/\/www.dojrzewalnia.pl\/wirtualna-dojrzewalnia\/wp-content\/uploads\/2019\/02\/Kurs-online-You-Rise-and-Shine-Ewa-Panufnik-Wirtualna-Dojrzewalnia.jpg","type":"image\/jpeg"}],"twitter_card":"summary_large_image","twitter_misc":{"Szacowany czas czytania":"1 minuta"},"schema":{"@context":"https:\/\/schema.org","@graph":[{"@type":"WebPage","@id":"https:\/\/www.dojrzewalnia.pl\/wirtualna-dojrzewalnia\/produkt\/you-rise-and-shine\/","url":"https:\/\/www.dojrzewalnia.pl\/wirtualna-dojrzewalnia\/produkt\/you-rise-and-shine\/","name":"Kurs online \"You Rise and Shine\" - Wirtualna Dojrzewalnia","isPartOf":{"@id":"https:\/\/www.dojrzewalnia.pl\/wirtualna-dojrzewalnia\/#website"},"primaryImageOfPage":{"@id":"https:\/\/www.dojrzewalnia.pl\/wirtualna-dojrzewalnia\/produkt\/you-rise-and-shine\/#primaryimage"},"image":{"@id":"https:\/\/www.dojrzewalnia.pl\/wirtualna-dojrzewalnia\/produkt\/you-rise-and-shine\/#primaryimage"},"thumbnailUrl":"https:\/\/www.dojrzewalnia.pl\/wirtualna-dojrzewalnia\/wp-content\/uploads\/2019\/02\/Kurs-online-You-Rise-and-Shine-Ewa-Panufnik-Wirtualna-Dojrzewalnia.jpg","datePublished":"2019-02-09T17:15:06+00:00","dateModified":"2025-02-09T11:17:23+00:00","description":"You Rise and Shine\u00a0to projekt\u00a0zwyci\u0119skiego wyj\u015bcia z \u017cyciowego kryzysu\u00a0w oparciu o\u00a0autorski proces Ewy Panufnik, oparty na jej do\u015bwiadczeniu i wiedzy.","breadcrumb":{"@id":"https:\/\/www.dojrzewalnia.pl\/wirtualna-dojrzewalnia\/produkt\/you-rise-and-shine\/#breadcrumb"},"inLanguage":"pl-PL","potentialAction":[{"@type":"ReadAction","target":["https:\/\/www.dojrzewalnia.pl\/wirtualna-dojrzewalnia\/produkt\/you-rise-and-shine\/"]}]},{"@type":"ImageObject","inLanguage":"pl-PL","@id":"https:\/\/www.dojrzewalnia.pl\/wirtualna-dojrzewalnia\/produkt\/you-rise-and-shine\/#primaryimage","url":"https:\/\/www.dojrzewalnia.pl\/wirtualna-dojrzewalnia\/wp-content\/uploads\/2019\/02\/Kurs-online-You-Rise-and-Shine-Ewa-Panufnik-Wirtualna-Dojrzewalnia.jpg","contentUrl":"https:\/\/www.dojrzewalnia.pl\/wirtualna-dojrzewalnia\/wp-content\/uploads\/2019\/02\/Kurs-online-You-Rise-and-Shine-Ewa-Panufnik-Wirtualna-Dojrzewalnia.jpg","width":800,"height":800,"caption":"Kurs online You Rise and Shine Ewa Panufnik Wirtualna Dojrzewalnia"},{"@type":"BreadcrumbList","@id":"https:\/\/www.dojrzewalnia.pl\/wirtualna-dojrzewalnia\/produkt\/you-rise-and-shine\/#breadcrumb","itemListElement":[{"@type":"ListItem","position":1,"name":"Strona g\u0142\u00f3wna","item":"https:\/\/www.dojrzewalnia.pl\/wirtualna-dojrzewalnia\/"},{"@type":"ListItem","position":2,"name":"Sklep","item":"https:\/\/www.dojrzewalnia.pl\/wirtualna-dojrzewalnia\/sklep\/"},{"@type":"ListItem","position":3,"name":"Kurs online &#8220;You Rise and Shine&#8221;"}]},{"@type":"WebSite","@id":"https:\/\/www.dojrzewalnia.pl\/wirtualna-dojrzewalnia\/#website","url":"https:\/\/www.dojrzewalnia.pl\/wirtualna-dojrzewalnia\/","name":"Wirtualna Dojrzewalnia","description":"Platforma kurs&oacute;w online Dojrzewalni","publisher":{"@id":"https:\/\/www.dojrzewalnia.pl\/wirtualna-dojrzewalnia\/#organization"},"potentialAction":[{"@type":"SearchAction","target":{"@type":"EntryPoint","urlTemplate":"https:\/\/www.dojrzewalnia.pl\/wirtualna-dojrzewalnia\/?s={search_term_string}"},"query-input":{"@type":"PropertyValueSpecification","valueRequired":true,"valueName":"search_term_string"}}],"inLanguage":"pl-PL"},{"@type":"Organization","@id":"https:\/\/www.dojrzewalnia.pl\/wirtualna-dojrzewalnia\/#organization","name":"Dojrzewalnia Ewa Panufnik","url":"https:\/\/www.dojrzewalnia.pl\/wirtualna-dojrzewalnia\/","logo":{"@type":"ImageObject","inLanguage":"pl-PL","@id":"https:\/\/www.dojrzewalnia.pl\/wirtualna-dojrzewalnia\/#\/schema\/logo\/image\/","url":"https:\/\/www.dojrzewalnia.pl\/wirtualna-dojrzewalnia\/wp-content\/uploads\/2018\/11\/Dojrzewalnia-logo-2.png","contentUrl":"https:\/\/www.dojrzewalnia.pl\/wirtualna-dojrzewalnia\/wp-content\/uploads\/2018\/11\/Dojrzewalnia-logo-2.png","width":500,"height":189,"caption":"Dojrzewalnia Ewa Panufnik"},"image":{"@id":"https:\/\/www.dojrzewalnia.pl\/wirtualna-dojrzewalnia\/#\/schema\/logo\/image\/"},"sameAs":["https:\/\/www.facebook.com\/dojrzewalniapl-126646214077996\/"]}]}},"_links":{"self":[{"href":"https:\/\/www.dojrzewalnia.pl\/wirtualna-dojrzewalnia\/wp-json\/wp\/v2\/product\/1103"}],"collection":[{"href":"https:\/\/www.dojrzewalnia.pl\/wirtualna-dojrzewalnia\/wp-json\/wp\/v2\/product"}],"about":[{"href":"https:\/\/www.dojrzewalnia.pl\/wirtualna-dojrzewalnia\/wp-json\/wp\/v2\/types\/product"}],"replies":[{"embeddable":true,"href":"https:\/\/www.dojrzewalnia.pl\/wirtualna-dojrzewalnia\/wp-json\/wp\/v2\/comments?post=1103"}],"version-history":[{"count":5,"href":"https:\/\/www.dojrzewalnia.pl\/wirtualna-dojrzewalnia\/wp-json\/wp\/v2\/product\/1103\/revisions"}],"predecessor-version":[{"id":11072,"href":"https:\/\/www.dojrzewalnia.pl\/wirtualna-dojrzewalnia\/wp-json\/wp\/v2\/product\/1103\/revisions\/11072"}],"wp:featuredmedia":[{"embeddable":true,"href":"https:\/\/www.dojrzewalnia.pl\/wirtualna-dojrzewalnia\/wp-json\/wp\/v2\/media\/1104"}],"wp:attachment":[{"href":"https:\/\/www.dojrzewalnia.pl\/wirtualna-dojrzewalnia\/wp-json\/wp\/v2\/media?parent=1103"}],"wp:term":[{"taxonomy":"product_cat","embeddable":true,"href":"https:\/\/www.dojrzewalnia.pl\/wirtualna-dojrzewalnia\/wp-json\/wp\/v2\/product_cat?post=1103"},{"taxonomy":"product_tag","embeddable":true,"href":"https:\/\/www.dojrzewalnia.pl\/wirtualna-dojrzewalnia\/wp-json\/wp\/v2\/product_tag?post=1103"}],"curies":[{"name":"wp","href":"https:\/\/api.w.org\/{rel}","templated":true}]}}